{"id":670,"date":"2023-07-12T13:11:07","date_gmt":"2023-07-12T11:11:07","guid":{"rendered":"https:\/\/www.reteartistispettacolo.it\/?page_id=670"},"modified":"2024-10-03T12:58:15","modified_gmt":"2024-10-03T10:58:15","slug":"linee-di-condotta","status":"publish","type":"page","link":"https:\/\/www.reteartistispettacolo.it\/it\/linee-di-condotta\/","title":{"rendered":"Linee di condotta"},"content":{"rendered":"\t\t<div data-elementor-type=\"wp-page\" data-elementor-id=\"670\" class=\"elementor elementor-670\" data-elementor-settings=\"{&quot;ha_cmc_init_switcher&quot;:&quot;no&quot;}\" data-elementor-post-type=\"page\">\n\t\t\t\t<div class=\"elementor-element elementor-element-fe1b7c9 e-flex e-con-boxed e-con e-parent\" data-id=\"fe1b7c9\" data-element_type=\"container\" data-e-type=\"container\" data-settings=\"{&quot;background_background&quot;:&quot;classic&quot;,&quot;_ha_eqh_enable&quot;:false}\">\n\t\t\t\t\t<div class=\"e-con-inner\">\n\t\t<div class=\"elementor-element elementor-element-a445afd e-con-full e-flex e-con e-child\" data-id=\"a445afd\" data-element_type=\"container\" data-e-type=\"container\" data-settings=\"{&quot;_ha_eqh_enable&quot;:false}\">\n\t\t\t\t<div class=\"elementor-element elementor-element-beae7dc elementor-invisible elementor-widget elementor-widget-heading\" data-id=\"beae7dc\" data-element_type=\"widget\" data-e-type=\"widget\" data-settings=\"{&quot;_animation&quot;:&quot;fadeInUp&quot;}\" data-widget_type=\"heading.default\">\n\t\t\t\t<div class=\"elementor-widget-container\">\n\t\t\t\t\t<h1 class=\"elementor-heading-title elementor-size-default\">Linee di condotta relative alle spese di gestione, alle detrazioni, agli importi non distribuibili ecc.<\/h1>\t\t\t\t<\/div>\n\t\t\t\t<\/div>\n\t\t\t\t<div class=\"elementor-element elementor-element-f0f91bd elementor-invisible elementor-widget elementor-widget-heading\" data-id=\"f0f91bd\" data-element_type=\"widget\" data-e-type=\"widget\" data-settings=\"{&quot;_animation&quot;:&quot;fadeInUp&quot;}\" data-widget_type=\"heading.default\">\n\t\t\t\t<div class=\"elementor-widget-container\">\n\t\t\t\t\t<p class=\"elementor-heading-title elementor-size-default\">Rete Artisti Spettacolo per l'Innovazione<\/p>\t\t\t\t<\/div>\n\t\t\t\t<\/div>\n\t\t\t\t<\/div>\n\t\t\t\t\t<\/div>\n\t\t\t\t<\/div>\n\t\t<div class=\"elementor-element elementor-element-b27a67f e-flex e-con-boxed e-con e-parent\" data-id=\"b27a67f\" data-element_type=\"container\" data-e-type=\"container\" data-settings=\"{&quot;background_background&quot;:&quot;classic&quot;,&quot;_ha_eqh_enable&quot;:false}\">\n\t\t\t\t\t<div class=\"e-con-inner\">\n\t\t<div class=\"elementor-element elementor-element-82c8238 e-con-full e-flex e-con e-child\" data-id=\"82c8238\" data-element_type=\"container\" data-e-type=\"container\" data-settings=\"{&quot;_ha_eqh_enable&quot;:false}\">\n\t\t\t\t<div class=\"elementor-element elementor-element-3be8c01 elementor-invisible elementor-widget elementor-widget-text-editor\" data-id=\"3be8c01\" data-element_type=\"widget\" data-e-type=\"widget\" data-settings=\"{&quot;_animation&quot;:&quot;fadeInUp&quot;}\" data-widget_type=\"text-editor.default\">\n\t\t\t\t<div class=\"elementor-widget-container\">\n\t\t\t\t\t\t\t\t\t<p>25 Marzo 2015<\/p><p><strong>Linee di condotta relative alle spese di gestione, alle detrazioni, agli importi non distribuibili ecc.<\/strong><\/p><p>*La percentuale dei compensi raccolti che la Rasi utilizza per coprire tutti i suoi costi di gestione viene fissata dall\u2019assemblea dei soci, sulla base dell\u2019andamento del bilancio. Dall\u2019inizio dell\u2019attivit\u00e0 della Rasi ad oggi la percentuale \u00e8 stata ed \u00e8 del 10% del totale incassato per i diritti di cui agli artt. 71 septies, 71 octies, 73, 73 bis, 80, 84 e 180 bis della Legge sul Diritto d\u2019Autore e sui Diritti Connessi n. 633\/41.<br \/>Ad oggi la Rasi non ha sottoscritto accordi per la rappresentanza di altre societ\u00e0 di gestione collettiva, comunque in tal caso l\u2019orientamento \u00e8 quello di mantenere inalterata la percentuale del 10%. Un importo viene trattenuto, alla fonte, dalle societ\u00e0 di gestione estere. La misura della percentuale applicata dalle collecting estere con cui la Rasi ha contratti bilaterali o unilaterali viene comunicata a ciascun avente diritto.<br \/>*La Rasi destina il 50% di quanto incassa per riproduzione privata, come previsto dalla legge, per le attivit\u00e0 di studio e di ricerca nonch\u00e9 per i fini di promozione, di formazione e di sostegno professionale degli artisti interpreti o esecutori di cui all\u2019art. 7 L. 93\/92. Sugli importi destinati a tali attivit\u00e0 la Rasi opera una trattenuta a titolo di costi di gestione deliberata dall\u2019assemblea dei soci. La Rasi ha sottoscritto alcuni servizi e convenzioni che offre gratuitamente ai propri soci e mandanti. I servizi sociali, culturali o educativi finanziati mediante detrazioni dai proventi dei diritti o da eventuali introiti provenienti dal loro investimento, sono prestati sulla base di criteri equi, in particolare in relazione all&#8217;accesso e alla loro portata.<\/p><p>*Se gli importi dovuti ai titolari dei diritti non possono essere distribuiti, dopo tre anni a decorrere dalla fine dell&#8217;esercizio finanziario nel corso del quale sono stati riscossi i proventi dei diritti, tali importi sono considerati non distribuibili, dopo avere adottato tutte le misure necessarie per identificare e localizzare i titolari dei diritti. L&#8217;assemblea dei soci, in conformit\u00e0 con lo statuto, delibera in merito all&#8217;utilizzo degli importi non distribuibili, fatto salvo il diritto dei titolari dei diritti di reclamare tali importi presso gli organismi suddetti, nei termini prescrizionali di quattro anni dalla scadenza del termine ultimo per la distribuzione dei diritti. Gli importi non distribuibili sono utilizzati in modo separato e indipendente al fine di finanziare attivit\u00e0 sociali, culturali ed educative ad esclusivo beneficio dei titolari dei diritti sulla base di regolamenti approvati dall\u2019assemblea dei soci e pubblicati sul sito della Rasi. Nel caso la Rasi provveda ad investire i proventi dei diritti essi saranno effettuati nell&#8217;esclusivo e migliore interesse dei titolari dei diritti, garantendo la sicurezza, la qualita&#8217;, la liquidita&#8217; e la redditivita&#8217; del portafoglio nel suo insieme, diversificandoli in modo da evitare un&#8217;eccessiva dipendenza da una particolare attivita&#8217; e l&#8217;accumulazione di rischi nel portafoglio nel suo insieme.<\/p>\t\t\t\t\t\t\t\t<\/div>\n\t\t\t\t<\/div>\n\t\t\t\t<\/div>\n\t\t\t\t\t<\/div>\n\t\t\t\t<\/div>\n\t\t<div class=\"elementor-element elementor-element-c20cb73 e-flex e-con-boxed e-con e-parent\" data-id=\"c20cb73\" data-element_type=\"container\" data-e-type=\"container\" data-settings=\"{&quot;background_background&quot;:&quot;classic&quot;,&quot;_ha_eqh_enable&quot;:false}\">\n\t\t\t\t\t<div class=\"e-con-inner\">\n\t\t<div class=\"elementor-element elementor-element-5c949d2 e-con-full e-flex e-con e-child\" data-id=\"5c949d2\" data-element_type=\"container\" data-e-type=\"container\" data-settings=\"{&quot;_ha_eqh_enable&quot;:false}\">\n\t\t<div class=\"elementor-element elementor-element-5600d99 e-con-full e-flex e-con e-child\" data-id=\"5600d99\" data-element_type=\"container\" data-e-type=\"container\" data-settings=\"{&quot;background_background&quot;:&quot;classic&quot;,&quot;_ha_eqh_enable&quot;:false}\">\n\t\t<div class=\"elementor-element elementor-element-4403cc9 e-con-full e-flex e-con e-child\" data-id=\"4403cc9\" data-element_type=\"container\" data-e-type=\"container\" data-settings=\"{&quot;_ha_eqh_enable&quot;:false}\">\n\t\t<div class=\"elementor-element elementor-element-9386d30 e-con-full e-flex e-con e-child\" data-id=\"9386d30\" data-element_type=\"container\" data-e-type=\"container\" data-settings=\"{&quot;background_background&quot;:&quot;classic&quot;,&quot;_ha_eqh_enable&quot;:false}\">\n\t\t<div class=\"elementor-element elementor-element-e43eb26 e-con-full e-flex e-con e-child\" data-id=\"e43eb26\" data-element_type=\"container\" data-e-type=\"container\" data-settings=\"{&quot;_ha_eqh_enable&quot;:false}\">\n\t\t\t\t<div class=\"elementor-element elementor-element-baf6659 elementor-widget elementor-widget-heading\" data-id=\"baf6659\" data-element_type=\"widget\" data-e-type=\"widget\" data-widget_type=\"heading.default\">\n\t\t\t\t<div class=\"elementor-widget-container\">\n\t\t\t\t\t<h4 class=\"elementor-heading-title elementor-size-default\">Hai bisogno di ulteriori informazioni?<\/h4>\t\t\t\t<\/div>\n\t\t\t\t<\/div>\n\t\t\t\t<div class=\"elementor-element elementor-element-3bd720c elementor-widget elementor-widget-text-editor\" data-id=\"3bd720c\" data-element_type=\"widget\" data-e-type=\"widget\" data-widget_type=\"text-editor.default\">\n\t\t\t\t<div class=\"elementor-widget-container\">\n\t\t\t\t\t\t\t\t\t<p>Orientarsi per la tutela dei tuoi diritti \u00e8 importante, RASI \u00e8 al tuo fianco<\/p>\t\t\t\t\t\t\t\t<\/div>\n\t\t\t\t<\/div>\n\t\t\t\t<\/div>\n\t\t<div class=\"elementor-element elementor-element-031f350 e-con-full e-flex e-con e-child\" data-id=\"031f350\" data-element_type=\"container\" data-e-type=\"container\" data-settings=\"{&quot;_ha_eqh_enable&quot;:false}\">\n\t\t\t\t<div class=\"elementor-element elementor-element-b6082d1 elementor-align-right elementor-mobile-align-left elementor-widget elementor-widget-button\" data-id=\"b6082d1\" data-element_type=\"widget\" data-e-type=\"widget\" data-widget_type=\"button.default\">\n\t\t\t\t<div class=\"elementor-widget-container\">\n\t\t\t\t\t\t\t\t\t<div class=\"elementor-button-wrapper\">\n\t\t\t\t\t<a class=\"elementor-button elementor-button-link elementor-size-sm\" href=\"https:\/\/www.reteartistispettacolo.it\/it\/contatti\/\">\n\t\t\t\t\t\t<span class=\"elementor-button-content-wrapper\">\n\t\t\t\t\t\t\t\t\t<span class=\"elementor-button-text\">Contatta RASI<\/span>\n\t\t\t\t\t<\/span>\n\t\t\t\t\t<\/a>\n\t\t\t\t<\/div>\n\t\t\t\t\t\t\t\t<\/div>\n\t\t\t\t<\/div>\n\t\t\t\t<\/div>\n\t\t\t\t<\/div>\n\t\t\t\t<\/div>\n\t\t\t\t<\/div>\n\t\t\t\t<\/div>\n\t\t\t\t\t<\/div>\n\t\t\t\t<\/div>\n\t\t\t\t<\/div>\n\t\t","protected":false},"excerpt":{"rendered":"<p>Linee di condotta relative alle spese di gestione, alle detrazioni, agli importi non distribuibili ecc. Rete Artisti Spettacolo per l&#8217;Innovazione 25 Marzo 2015 Linee di condotta relative alle spese di gestione, alle detrazioni, agli importi non distribuibili ecc. *La percentuale dei compensi raccolti che la Rasi utilizza per coprire tutti i suoi costi di gestione [&hellip;]<\/p>\n","protected":false},"author":1,"featured_media":0,"parent":0,"menu_order":0,"comment_status":"closed","ping_status":"closed","template":"","meta":{"footnotes":""},"class_list":["post-670","page","type-page","status-publish","hentry"],"_links":{"self":[{"href":"https:\/\/www.reteartistispettacolo.it\/it\/wp-json\/wp\/v2\/pages\/670","targetHints":{"allow":["GET"]}}],"collection":[{"href":"https:\/\/www.reteartistispettacolo.it\/it\/wp-json\/wp\/v2\/pages"}],"about":[{"href":"https:\/\/www.reteartistispettacolo.it\/it\/wp-json\/wp\/v2\/types\/page"}],"author":[{"embeddable":true,"href":"https:\/\/www.reteartistispettacolo.it\/it\/wp-json\/wp\/v2\/users\/1"}],"replies":[{"embeddable":true,"href":"https:\/\/www.reteartistispettacolo.it\/it\/wp-json\/wp\/v2\/comments?post=670"}],"version-history":[{"count":22,"href":"https:\/\/www.reteartistispettacolo.it\/it\/wp-json\/wp\/v2\/pages\/670\/revisions"}],"predecessor-version":[{"id":2498,"href":"https:\/\/www.reteartistispettacolo.it\/it\/wp-json\/wp\/v2\/pages\/670\/revisions\/2498"}],"wp:attachment":[{"href":"https:\/\/www.reteartistispettacolo.it\/it\/wp-json\/wp\/v2\/media?parent=670"}],"curies":[{"name":"wp","href":"https:\/\/api.w.org\/{rel}","templated":true}]}}