{"id":611,"date":"2023-07-12T12:12:23","date_gmt":"2023-07-12T10:12:23","guid":{"rendered":"https:\/\/www.reteartistispettacolo.it\/?page_id=611"},"modified":"2024-10-03T12:33:16","modified_gmt":"2024-10-03T10:33:16","slug":"procedure-di-trattamento-dei-reclami","status":"publish","type":"page","link":"https:\/\/www.reteartistispettacolo.it\/it\/procedure-di-trattamento-dei-reclami\/","title":{"rendered":"Procedure di trattamento dei reclami"},"content":{"rendered":"\t\t<div data-elementor-type=\"wp-page\" data-elementor-id=\"611\" class=\"elementor elementor-611\" data-elementor-settings=\"{&quot;ha_cmc_init_switcher&quot;:&quot;no&quot;}\" data-elementor-post-type=\"page\">\n\t\t\t\t<div class=\"elementor-element elementor-element-4ddbe3b e-flex e-con-boxed e-con e-parent\" data-id=\"4ddbe3b\" data-element_type=\"container\" data-e-type=\"container\" data-settings=\"{&quot;background_background&quot;:&quot;classic&quot;,&quot;_ha_eqh_enable&quot;:false}\">\n\t\t\t\t\t<div class=\"e-con-inner\">\n\t\t<div class=\"elementor-element elementor-element-16785b4 e-con-full e-flex e-con e-child\" data-id=\"16785b4\" data-element_type=\"container\" data-e-type=\"container\" data-settings=\"{&quot;_ha_eqh_enable&quot;:false}\">\n\t\t\t\t<div class=\"elementor-element elementor-element-bef4c9c elementor-invisible elementor-widget elementor-widget-heading\" data-id=\"bef4c9c\" data-element_type=\"widget\" data-e-type=\"widget\" data-settings=\"{&quot;_animation&quot;:&quot;fadeInUp&quot;}\" data-widget_type=\"heading.default\">\n\t\t\t\t<div class=\"elementor-widget-container\">\n\t\t\t\t\t<h1 class=\"elementor-heading-title elementor-size-default\">Procedure di trattamento dei reclami e di risoluzione delle controversie disponibili a norma degli articoli 38 e 39 della Legge n.35 del 15 marzo 2017<\/h1>\t\t\t\t<\/div>\n\t\t\t\t<\/div>\n\t\t\t\t<div class=\"elementor-element elementor-element-bcbe422 elementor-invisible elementor-widget elementor-widget-heading\" data-id=\"bcbe422\" data-element_type=\"widget\" data-e-type=\"widget\" data-settings=\"{&quot;_animation&quot;:&quot;fadeInUp&quot;}\" data-widget_type=\"heading.default\">\n\t\t\t\t<div class=\"elementor-widget-container\">\n\t\t\t\t\t<p class=\"elementor-heading-title elementor-size-default\">Rete Artisti Spettacolo per l'Innovazione<\/p>\t\t\t\t<\/div>\n\t\t\t\t<\/div>\n\t\t\t\t<\/div>\n\t\t\t\t\t<\/div>\n\t\t\t\t<\/div>\n\t\t<div class=\"elementor-element elementor-element-50fe20a e-flex e-con-boxed e-con e-parent\" data-id=\"50fe20a\" data-element_type=\"container\" data-e-type=\"container\" data-settings=\"{&quot;background_background&quot;:&quot;classic&quot;,&quot;_ha_eqh_enable&quot;:false}\">\n\t\t\t\t\t<div class=\"e-con-inner\">\n\t\t<div class=\"elementor-element elementor-element-dc00506 e-con-full e-flex e-con e-child\" data-id=\"dc00506\" data-element_type=\"container\" data-e-type=\"container\" data-settings=\"{&quot;_ha_eqh_enable&quot;:false}\">\n\t\t\t\t<div class=\"elementor-element elementor-element-3866316 elementor-invisible elementor-widget elementor-widget-text-editor\" data-id=\"3866316\" data-element_type=\"widget\" data-e-type=\"widget\" data-settings=\"{&quot;_animation&quot;:&quot;fadeInUp&quot;}\" data-widget_type=\"text-editor.default\">\n\t\t\t\t<div class=\"elementor-widget-container\">\n\t\t\t\t\t\t\t\t\t<p>La Rasi risponde per\u00a0 iscritto ai reclami, nel termine di 45 giorni dalla loro ricezione, fornendo i chiarimenti necessari e, se del caso, adottando le\u00a0 misure\u00a0 opportune per far venir meno le ragioni\u00a0 della\u00a0 doglianza.\u00a0 Se\u00a0 un\u00a0 reclamo\u00a0 e&#8217; ritenuto privo di fondamento, la Rasi fornisce adeguata motivazione, a meno che lo stesso non sia palesemente infondato o strumentale.<\/p><p>La Rasi, a fronte di un reclamo fondato,\u00a0considera lo stesso come un\u2019opportunit\u00e0 per ottimizzare i suoi servizi, cos\u00ec come una possibilit\u00e0\u00a0di adottare le misure pi\u00f9 opportune per rimuovere le criticit\u00e0 segnalate.<\/p><p>La Rasi\u00a0 fornisce una procedura chiara, semplice e tracciabile per coloro che desiderino presentare un reclamo formale; assicura \u00a0che i reclami siano trattati in modo tempestivo e secondo previsioni di legge; garantisce la riservatezza delle informazioni ricevute nel corso di un reclamo; fornisce i chiarimenti necessari e, se del caso, adotta le misure opportune per far venire meno i motivi della doglianza; raccoglie segnalazioni che ci aiutino a migliorare quello che facciamo.<\/p><p>Possono presentare un reclamo i seguenti soggetti, siano essi persone fisiche o giuridiche:<\/p><p>a. Soci o Mandanti Rasi;<\/p><p>b. Altri titolari di diritti;<\/p><p>c. Organismi di gestione collettiva con i quali Rasi ha stipulato un accordo di rappresentanza.<\/p>\t\t\t\t\t\t\t\t<\/div>\n\t\t\t\t<\/div>\n\t\t\t\t<div class=\"elementor-element elementor-element-620a9b0 elementor-tabs-view-vertical elementor-widget elementor-widget-tabs\" data-id=\"620a9b0\" data-element_type=\"widget\" data-e-type=\"widget\" data-widget_type=\"tabs.default\">\n\t\t\t\t<div class=\"elementor-widget-container\">\n\t\t\t\t\t\t\t<div class=\"elementor-tabs\">\n\t\t\t<div class=\"elementor-tabs-wrapper\" role=\"tablist\" >\n\t\t\t\t\t\t\t\t\t<div id=\"elementor-tab-title-1021\" class=\"elementor-tab-title elementor-tab-desktop-title\" aria-selected=\"true\" data-tab=\"1\" role=\"tab\" tabindex=\"0\" aria-controls=\"elementor-tab-content-1021\" aria-expanded=\"false\">1. I RECLAMI CHE POSSONO ESSERE PRESI IN ESAME<\/div>\n\t\t\t\t\t\t\t\t\t<div id=\"elementor-tab-title-1022\" class=\"elementor-tab-title elementor-tab-desktop-title\" aria-selected=\"false\" data-tab=\"2\" role=\"tab\" tabindex=\"-1\" aria-controls=\"elementor-tab-content-1022\" aria-expanded=\"false\">2. MODALIT\u00c0  PER L\u2019INVIO DEL RECLAMO<\/div>\n\t\t\t\t\t\t\t\t\t<div id=\"elementor-tab-title-1023\" class=\"elementor-tab-title elementor-tab-desktop-title\" aria-selected=\"false\" data-tab=\"3\" role=\"tab\" tabindex=\"-1\" aria-controls=\"elementor-tab-content-1023\" aria-expanded=\"false\"> 3. COSA DEVE CONTENERE IL RECLAMO<\/div>\n\t\t\t\t\t\t\t\t\t<div id=\"elementor-tab-title-1024\" class=\"elementor-tab-title elementor-tab-desktop-title\" aria-selected=\"false\" data-tab=\"4\" role=\"tab\" tabindex=\"-1\" aria-controls=\"elementor-tab-content-1024\" aria-expanded=\"false\">4. TRATTAMENTO DEL RECLAMO<\/div>\n\t\t\t\t\t\t\t\t\t<div id=\"elementor-tab-title-1025\" class=\"elementor-tab-title elementor-tab-desktop-title\" aria-selected=\"false\" data-tab=\"5\" role=\"tab\" tabindex=\"-1\" aria-controls=\"elementor-tab-content-1025\" aria-expanded=\"false\">5. RICEVIBILIT\u00c0 DEL RECLAMO<\/div>\n\t\t\t\t\t\t\t<\/div>\n\t\t\t<div class=\"elementor-tabs-content-wrapper\" role=\"tablist\" aria-orientation=\"vertical\">\n\t\t\t\t\t\t\t\t\t<div class=\"elementor-tab-title elementor-tab-mobile-title\" aria-selected=\"true\" data-tab=\"1\" role=\"tab\" tabindex=\"0\" aria-controls=\"elementor-tab-content-1021\" aria-expanded=\"false\">1. I RECLAMI CHE POSSONO ESSERE PRESI IN ESAME<\/div>\n\t\t\t\t\t<div id=\"elementor-tab-content-1021\" class=\"elementor-tab-content elementor-clearfix\" data-tab=\"1\" role=\"tabpanel\" aria-labelledby=\"elementor-tab-title-1021\" tabindex=\"0\" hidden=\"false\"><p>In base all\u2019art. 38 del D. L.vo 35\/2017 la presente procedura pu\u00f2 essere utilizzata per reclami che, in particolare, riguardano:<\/p><p>a. l\u2019autorizzazione a gestire diritti e il relativo ritiro o revoca dei diritti;<\/p><p>b. le condizioni di adesione;<\/p><p>c. la riscossione degli importi dovuti ai titolari dei diritti;<\/p><p>d. le detrazioni applicate e le revisioni dei ruoli;<\/p><p>e. le distribuzioni degli importi dovuti ai titolari dei diritti<\/p><\/div>\n\t\t\t\t\t\t\t\t\t<div class=\"elementor-tab-title elementor-tab-mobile-title\" aria-selected=\"false\" data-tab=\"2\" role=\"tab\" tabindex=\"-1\" aria-controls=\"elementor-tab-content-1022\" aria-expanded=\"false\">2. MODALIT\u00c0  PER L\u2019INVIO DEL RECLAMO<\/div>\n\t\t\t\t\t<div id=\"elementor-tab-content-1022\" class=\"elementor-tab-content elementor-clearfix\" data-tab=\"2\" role=\"tabpanel\" aria-labelledby=\"elementor-tab-title-1022\" tabindex=\"0\" hidden=\"hidden\"><p>Il reclamo si invia:<\/p><p>\u2022 on line attraverso l\u2019email \u201c<a href=\"mailto:info@reteartistispettacolo\">info@reteartistispettacolo<\/a>\u201d inserendo nell\u2019oggetto la parola \u201cReclamo\u201d ;<\/p><p>\u2022 via posta elettronica certificata all\u2019indirizzo \u201c<span id=\"cloakf4f3f88b3b97aa5aa9d9ba610cf297ce\"><a href=\"mailto:rasi@pec.reteartistispettacolo.it\">rasi@pec.reteartistispettacolo.it<\/a><\/span>\u201d<\/p><p>\u2022 via posta ordinaria tramite raccomandata con ricevuta di ritorno intestata alla DIREZIONE GENERALE, Servizio Reclami, Via Po 43 &#8211; 00198 Roma .<\/p><p>Eventuali istanze proposte utilizzando una modalit\u00e0 diversa da quelle descritte non potranno essere individuate n\u00e9 gestite\u00a0 come reclamo. Se necessario gli uffici, potranno richiedere al reclamante ulteriore documentazione ai fini dell\u2019esame del reclamo.<\/p><p>I reclami di cui ai punti c ed e del precedente paragrafo 2 possono essere presentati entro e non oltre il termine di 90 giorni dalla data di ricevimento o inserimento nella pagina personale dell\u2019avente diritto (award system) della rendicontazione dei diritti.<\/p><\/div>\n\t\t\t\t\t\t\t\t\t<div class=\"elementor-tab-title elementor-tab-mobile-title\" aria-selected=\"false\" data-tab=\"3\" role=\"tab\" tabindex=\"-1\" aria-controls=\"elementor-tab-content-1023\" aria-expanded=\"false\"> 3. COSA DEVE CONTENERE IL RECLAMO<\/div>\n\t\t\t\t\t<div id=\"elementor-tab-content-1023\" class=\"elementor-tab-content elementor-clearfix\" data-tab=\"3\" role=\"tabpanel\" aria-labelledby=\"elementor-tab-title-1023\" tabindex=\"0\" hidden=\"hidden\"><p>Tutti i reclami devono essere completi delle seguenti informazioni:<\/p><p>1. Nome e Cognome della persona fisica che propone il reclamo e l\u2019eventuale denominazione della persona giuridica per conto della quale viene proposto;<\/p><p>2. Recapiti: indirizzo, mail e numero telefonico proprio e della persona giuridica per conto della quale viene effettuato il reclamo;<\/p><p>3. Copia del Codice Fiscale e del documento di riconoscimento, atti a dimostrare la reale identit\u00e0 del reclamante. Tale richiesta \u00e8 necessaria al fine di tutelare la vostra privacy in caso di non titolarit\u00e0 ad effettuare il reclamo.<\/p><p>4. Dettagli sulla natura del reclamo, inclusi tutte le peculiarit\u00e0 rilevanti necessarie ad inquadrare anche temporalmente la vicenda. In particolare dovr\u00e0 essere indicato in modo chiaro e conciso l\u2019accaduto, il motivo del reclamo ed ogni altro elemento utile ad una corretta identificazione delle circostanze che hanno dato luogo alla contestazione.<\/p><p>Saranno considerati incompleti ed in ogni caso non validi i reclami carenti delle informazioni di cui ai punti da 1 a 4, con conseguente annullamento d\u2019ufficio degli stessi a seguito di opportuna notificazione al reclamante. Potr\u00e0 essere richiesta al reclamante ulteriore documentazione ritenuta necessaria alla contestualizzazione del reclamo; quest\u2019ultima dovr\u00e0 essere recapitata agli uffici RASI nel termine massimo di 7 giorni solari per consentire una corretta istruttoria delle circostanze che hanno generato la doglianza ed una risposta tempestiva entro una tempistica massima di 45 giorni solari dalla data di ricezione del reclamo.<\/p><\/div>\n\t\t\t\t\t\t\t\t\t<div class=\"elementor-tab-title elementor-tab-mobile-title\" aria-selected=\"false\" data-tab=\"4\" role=\"tab\" tabindex=\"-1\" aria-controls=\"elementor-tab-content-1024\" aria-expanded=\"false\">4. TRATTAMENTO DEL RECLAMO<\/div>\n\t\t\t\t\t<div id=\"elementor-tab-content-1024\" class=\"elementor-tab-content elementor-clearfix\" data-tab=\"4\" role=\"tabpanel\" aria-labelledby=\"elementor-tab-title-1024\" tabindex=\"0\" hidden=\"hidden\"><p>L\u2019utente sar\u00e0 informato della presa in carico del reclamo attraverso la notifica all\u2019indirizzo mail indicato, entro i due giorni successivi in cui la contestazione risulta essere pervenuta in Rasi. Sar\u00e0 notificata mediante la medesima modalit\u00e0 la comunicazione dell\u2019annullamento d\u2019ufficio del reclamo laddove quest\u2019ultimo non sia completo della documentazione necessaria. Nel caso in cui non venga comunicato un indirizzo mail \u00a0l\u2019annullamento d\u2019ufficio sar\u00e0 in ogni caso comunicato al reclamante attraverso l\u2019invio di una raccomandata con ricevuta di ritorno presso l\u2019indirizzo specificato .<\/p><p>Dal momento in cui la pratica di reclamo \u00e8 completa della documentazione necessaria, gli Uffici competenti comunicheranno l\u2019esito scritto entro 45 giorni solari dalla notifica di presa in carico, mediante:<\/p><p>\u2022 mail inviata all\u2019indirizzo indicato;<\/p><p>\u2022 posta elettronica certificata all\u2019indirizzo PEC del mittente;<\/p><p>\u2022 Raccomandata con ricevuta di ritorno recapitata presso l\u2019indirizzo specificato.<\/p><\/div>\n\t\t\t\t\t\t\t\t\t<div class=\"elementor-tab-title elementor-tab-mobile-title\" aria-selected=\"false\" data-tab=\"5\" role=\"tab\" tabindex=\"-1\" aria-controls=\"elementor-tab-content-1025\" aria-expanded=\"false\">5. RICEVIBILIT\u00c0 DEL RECLAMO<\/div>\n\t\t\t\t\t<div id=\"elementor-tab-content-1025\" class=\"elementor-tab-content elementor-clearfix\" data-tab=\"5\" role=\"tabpanel\" aria-labelledby=\"elementor-tab-title-1025\" tabindex=\"0\" hidden=\"hidden\"><p>Ai fini di valutare la ricevibilit\u00e0 dei reclami la Rasi verifica in via preliminare la correttezza formale degli stessi e la loro attinenza ad uno o pi\u00f9 degli ambiti di intervento indicati nella presente procedura.<\/p><p>In particolare la Rasi considerer\u00e0 irricevibili, e di conseguenza annullati d\u2019ufficio:<\/p><p>\u2022 le segnalazioni su un medesimo caso e di contenuto identico ad un precedente reclamo, a meno che non intervengano novit\u00e0 sostanziali;<\/p><p>\u2022 i reclami su questioni gi\u00e0 all\u2019attenzione dell\u2019Autorit\u00e0 Giudiziaria;<\/p><p>\u2022 i quesiti circa l\u2019interpretazione della legge sui diritti;<\/p><p>\u2022 i reclami relativi ai termini generali di rilascio delle licenze ed ai sistemi tariffari in uso per i vari repertori amministrati;<\/p><p>\u2022 i reclami aventi ad oggetto la normativa di cui alla L. 241\/90 (accesso agli atti) nonch\u00e9 quella relativa al trattamento dei dati, come disciplinata dal D. L.vo 196\/2003;<\/p><p>\u2022 I reclami effettuati per conto di terzi per i quali non si ha la titolarit\u00e0 ad agire.<\/p><p>\u2022 I reclami di cui ai punti c ed e del paragrafo 1 che siano stati presentati oltre il termine di 90 giorni dalla data di ricevimento della rendicontazione dei diritti.<\/p><p>Per le contestazioni ritenute irricevibili verr\u00e0 fornita in ogni caso una risposta scritta entro le tempistiche previste dalla procedura di trattamento dei reclami. Nella risposta saranno indicate le motivazioni alla base della ritenuta irricevibilit\u00e0.<\/p><\/div>\n\t\t\t\t\t\t\t<\/div>\n\t\t<\/div>\n\t\t\t\t\t\t<\/div>\n\t\t\t\t<\/div>\n\t\t\t\t<\/div>\n\t\t\t\t\t<\/div>\n\t\t\t\t<\/div>\n\t\t<div class=\"elementor-element elementor-element-c46b093 e-flex e-con-boxed e-con e-parent\" data-id=\"c46b093\" data-element_type=\"container\" data-e-type=\"container\" data-settings=\"{&quot;background_background&quot;:&quot;classic&quot;,&quot;_ha_eqh_enable&quot;:false}\">\n\t\t\t\t\t<div class=\"e-con-inner\">\n\t\t<div class=\"elementor-element elementor-element-af12aa1 e-con-full e-flex e-con e-child\" data-id=\"af12aa1\" data-element_type=\"container\" data-e-type=\"container\" data-settings=\"{&quot;_ha_eqh_enable&quot;:false}\">\n\t\t<div class=\"elementor-element elementor-element-001588d e-con-full e-flex e-con e-child\" data-id=\"001588d\" data-element_type=\"container\" data-e-type=\"container\" data-settings=\"{&quot;background_background&quot;:&quot;classic&quot;,&quot;_ha_eqh_enable&quot;:false}\">\n\t\t<div class=\"elementor-element elementor-element-d7f560f e-con-full e-flex e-con e-child\" data-id=\"d7f560f\" data-element_type=\"container\" data-e-type=\"container\" data-settings=\"{&quot;_ha_eqh_enable&quot;:false}\">\n\t\t<div class=\"elementor-element elementor-element-9504dc8 e-con-full e-flex e-con e-child\" data-id=\"9504dc8\" data-element_type=\"container\" data-e-type=\"container\" data-settings=\"{&quot;background_background&quot;:&quot;classic&quot;,&quot;_ha_eqh_enable&quot;:false}\">\n\t\t<div class=\"elementor-element elementor-element-428cc60 e-con-full e-flex e-con e-child\" data-id=\"428cc60\" data-element_type=\"container\" data-e-type=\"container\" data-settings=\"{&quot;_ha_eqh_enable&quot;:false}\">\n\t\t\t\t<div class=\"elementor-element elementor-element-0d69f9b elementor-widget elementor-widget-heading\" data-id=\"0d69f9b\" data-element_type=\"widget\" data-e-type=\"widget\" data-widget_type=\"heading.default\">\n\t\t\t\t<div class=\"elementor-widget-container\">\n\t\t\t\t\t<h4 class=\"elementor-heading-title elementor-size-default\">Hai bisogno di ulteriori informazioni?<\/h4>\t\t\t\t<\/div>\n\t\t\t\t<\/div>\n\t\t\t\t<div class=\"elementor-element elementor-element-8da8258 elementor-widget elementor-widget-text-editor\" data-id=\"8da8258\" data-element_type=\"widget\" data-e-type=\"widget\" data-widget_type=\"text-editor.default\">\n\t\t\t\t<div class=\"elementor-widget-container\">\n\t\t\t\t\t\t\t\t\t<p>Orientarsi per la tutela dei tuoi diritti \u00e8 importante, RASI \u00e8 al tuo fianco<\/p>\t\t\t\t\t\t\t\t<\/div>\n\t\t\t\t<\/div>\n\t\t\t\t<\/div>\n\t\t<div class=\"elementor-element elementor-element-2c52715 e-con-full e-flex e-con e-child\" data-id=\"2c52715\" data-element_type=\"container\" data-e-type=\"container\" data-settings=\"{&quot;_ha_eqh_enable&quot;:false}\">\n\t\t\t\t<div class=\"elementor-element elementor-element-a10f500 elementor-align-right elementor-mobile-align-left elementor-widget elementor-widget-button\" data-id=\"a10f500\" data-element_type=\"widget\" data-e-type=\"widget\" data-widget_type=\"button.default\">\n\t\t\t\t<div class=\"elementor-widget-container\">\n\t\t\t\t\t\t\t\t\t<div class=\"elementor-button-wrapper\">\n\t\t\t\t\t<a class=\"elementor-button elementor-button-link elementor-size-sm\" href=\"https:\/\/www.reteartistispettacolo.it\/it\/contatti\/\">\n\t\t\t\t\t\t<span class=\"elementor-button-content-wrapper\">\n\t\t\t\t\t\t\t\t\t<span class=\"elementor-button-text\">Contatta RASI<\/span>\n\t\t\t\t\t<\/span>\n\t\t\t\t\t<\/a>\n\t\t\t\t<\/div>\n\t\t\t\t\t\t\t\t<\/div>\n\t\t\t\t<\/div>\n\t\t\t\t<\/div>\n\t\t\t\t<\/div>\n\t\t\t\t<\/div>\n\t\t\t\t<\/div>\n\t\t\t\t<\/div>\n\t\t\t\t\t<\/div>\n\t\t\t\t<\/div>\n\t\t\t\t<\/div>\n\t\t","protected":false},"excerpt":{"rendered":"<p>Procedure di trattamento dei reclami e di risoluzione delle controversie disponibili a norma degli articoli 38 e 39 della Legge n.35 del 15 marzo 2017 Rete Artisti Spettacolo per l&#8217;Innovazione La Rasi risponde per\u00a0 iscritto ai reclami, nel termine di 45 giorni dalla loro ricezione, fornendo i chiarimenti necessari e, se del caso, adottando le\u00a0 [&hellip;]<\/p>\n","protected":false},"author":1,"featured_media":0,"parent":0,"menu_order":0,"comment_status":"closed","ping_status":"closed","template":"","meta":{"footnotes":""},"class_list":["post-611","page","type-page","status-publish","hentry"],"_links":{"self":[{"href":"https:\/\/www.reteartistispettacolo.it\/it\/wp-json\/wp\/v2\/pages\/611","targetHints":{"allow":["GET"]}}],"collection":[{"href":"https:\/\/www.reteartistispettacolo.it\/it\/wp-json\/wp\/v2\/pages"}],"about":[{"href":"https:\/\/www.reteartistispettacolo.it\/it\/wp-json\/wp\/v2\/types\/page"}],"author":[{"embeddable":true,"href":"https:\/\/www.reteartistispettacolo.it\/it\/wp-json\/wp\/v2\/users\/1"}],"replies":[{"embeddable":true,"href":"https:\/\/www.reteartistispettacolo.it\/it\/wp-json\/wp\/v2\/comments?post=611"}],"version-history":[{"count":23,"href":"https:\/\/www.reteartistispettacolo.it\/it\/wp-json\/wp\/v2\/pages\/611\/revisions"}],"predecessor-version":[{"id":2471,"href":"https:\/\/www.reteartistispettacolo.it\/it\/wp-json\/wp\/v2\/pages\/611\/revisions\/2471"}],"wp:attachment":[{"href":"https:\/\/www.reteartistispettacolo.it\/it\/wp-json\/wp\/v2\/media?parent=611"}],"curies":[{"name":"wp","href":"https:\/\/api.w.org\/{rel}","templated":true}]}}