{"id":513,"date":"2023-06-15T17:54:02","date_gmt":"2023-06-15T15:54:02","guid":{"rendered":"https:\/\/www.reteartistispettacolo.it\/?page_id=513"},"modified":"2024-10-03T12:20:41","modified_gmt":"2024-10-03T10:20:41","slug":"chi-siamo","status":"publish","type":"page","link":"https:\/\/www.reteartistispettacolo.it\/it\/chi-siamo\/","title":{"rendered":"Chi siamo"},"content":{"rendered":"\t\t<div data-elementor-type=\"wp-page\" data-elementor-id=\"513\" class=\"elementor elementor-513\" data-elementor-settings=\"{&quot;ha_cmc_init_switcher&quot;:&quot;no&quot;}\" data-elementor-post-type=\"page\">\n\t\t\t\t<div class=\"elementor-element elementor-element-17d7d0e e-flex e-con-boxed e-con e-parent\" data-id=\"17d7d0e\" data-element_type=\"container\" data-e-type=\"container\" data-settings=\"{&quot;background_background&quot;:&quot;classic&quot;,&quot;_ha_eqh_enable&quot;:false}\">\n\t\t\t\t\t<div class=\"e-con-inner\">\n\t\t<div class=\"elementor-element elementor-element-7f810d3 e-con-full e-flex e-con e-child\" data-id=\"7f810d3\" data-element_type=\"container\" data-e-type=\"container\" data-settings=\"{&quot;_ha_eqh_enable&quot;:false}\">\n\t\t\t\t<div class=\"elementor-element elementor-element-ff78bd2 elementor-invisible elementor-widget elementor-widget-heading\" data-id=\"ff78bd2\" data-element_type=\"widget\" data-e-type=\"widget\" data-settings=\"{&quot;_animation&quot;:&quot;fadeInUp&quot;}\" data-widget_type=\"heading.default\">\n\t\t\t\t<div class=\"elementor-widget-container\">\n\t\t\t\t\t<h1 class=\"elementor-heading-title elementor-size-default\">Chi siamo<\/h1>\t\t\t\t<\/div>\n\t\t\t\t<\/div>\n\t\t\t\t<div class=\"elementor-element elementor-element-bfc8fa7 elementor-invisible elementor-widget elementor-widget-heading\" data-id=\"bfc8fa7\" data-element_type=\"widget\" data-e-type=\"widget\" data-settings=\"{&quot;_animation&quot;:&quot;fadeInUp&quot;}\" data-widget_type=\"heading.default\">\n\t\t\t\t<div class=\"elementor-widget-container\">\n\t\t\t\t\t<h2 class=\"elementor-heading-title elementor-size-default\">Rete Artisti Spettacolo per l'Innovazione<\/h2>\t\t\t\t<\/div>\n\t\t\t\t<\/div>\n\t\t\t\t<\/div>\n\t\t\t\t\t<\/div>\n\t\t\t\t<\/div>\n\t\t<div class=\"elementor-element elementor-element-fd4e2f7 e-flex e-con-boxed e-con e-parent\" data-id=\"fd4e2f7\" data-element_type=\"container\" data-e-type=\"container\" data-settings=\"{&quot;background_background&quot;:&quot;classic&quot;,&quot;_ha_eqh_enable&quot;:false}\">\n\t\t\t\t\t<div class=\"e-con-inner\">\n\t\t<div class=\"elementor-element elementor-element-86af2d8 e-con-full e-flex e-con e-child\" data-id=\"86af2d8\" data-element_type=\"container\" data-e-type=\"container\" data-settings=\"{&quot;_ha_eqh_enable&quot;:false}\">\n\t\t\t\t<div class=\"elementor-element elementor-element-b7b5039 elementor-invisible elementor-widget elementor-widget-heading\" data-id=\"b7b5039\" data-element_type=\"widget\" data-e-type=\"widget\" data-settings=\"{&quot;_animation&quot;:&quot;fadeInUp&quot;}\" data-widget_type=\"heading.default\">\n\t\t\t\t<div class=\"elementor-widget-container\">\n\t\t\t\t\t<h2 class=\"elementor-heading-title elementor-size-default\">Chi \u00e8 e di cosa si occupa la Rete Artisti Spettacolo per l'Innovazione?<\/h2>\t\t\t\t<\/div>\n\t\t\t\t<\/div>\n\t\t\t\t<div class=\"elementor-element elementor-element-f4c7df8 elementor-invisible elementor-widget elementor-widget-text-editor\" data-id=\"f4c7df8\" data-element_type=\"widget\" data-e-type=\"widget\" data-settings=\"{&quot;_animation&quot;:&quot;fadeInUp&quot;}\" data-widget_type=\"text-editor.default\">\n\t\t\t\t<div class=\"elementor-widget-container\">\n\t\t\t\t\t\t\t\t\t<p><strong>Rete Artisti Spettacolo per l&#8217;Innovazione<\/strong>\u00a0si occupa prevalentemente dell\u2019attivit\u00e0 di\u00a0<strong>amministrazione ed intermediazione dei diritti connessi al diritto d\u2019autore\u00a0<\/strong>di cui alla legge 22 aprile 1941, n.633, agendo nell\u2019interesse dei titolari dei diritti da essa rappresentati e proteggendo i loro diritti ed interessi.<\/p><p>Dopo la firma del mandato, R.A.S.I. provvede a ricostruire, con la collaborazione dell\u2019artista, l\u2019elenco delle opere interpretate, attivando gratuitamente, a disposizione del titolare dei diritti, un servizio \u201con line\u201d personalizzato di\u00a0<strong>archiviazione<\/strong>\u00a0dei dati anagrafici, dei diritti maturati e del repertorio delle opere artistiche, accessibile con login e password. \u00a0R.A.S.I. utilizza una\u00a0<strong>banca dati<\/strong>\u00a0informatica, regolarmente aggiornata, delle opere e dei titolari dei diritti connessi amministrati.<\/p>\t\t\t\t\t\t\t\t<\/div>\n\t\t\t\t<\/div>\n\t\t\t\t<\/div>\n\t\t<div class=\"elementor-element elementor-element-5b37763 e-con-full e-flex e-con e-child\" data-id=\"5b37763\" data-element_type=\"container\" data-e-type=\"container\" data-settings=\"{&quot;_ha_eqh_enable&quot;:false}\">\n\t\t\t\t<div class=\"elementor-element elementor-element-184fe76 elementor-invisible elementor-widget elementor-widget-image\" data-id=\"184fe76\" data-element_type=\"widget\" data-e-type=\"widget\" data-settings=\"{&quot;_animation&quot;:&quot;fadeInUp&quot;}\" data-widget_type=\"image.default\">\n\t\t\t\t<div class=\"elementor-widget-container\">\n\t\t\t\t\t\t\t\t\t\t\t\t\t\t\t<img fetchpriority=\"high\" decoding=\"async\" width=\"404\" height=\"382\" src=\"https:\/\/www.reteartistispettacolo.it\/wp-content\/uploads\/film-set.jpg\" class=\"attachment-large size-large wp-image-178\" alt=\"\" srcset=\"https:\/\/www.reteartistispettacolo.it\/wp-content\/uploads\/film-set.jpg 404w, https:\/\/www.reteartistispettacolo.it\/wp-content\/uploads\/film-set-300x284.jpg 300w\" sizes=\"(max-width: 404px) 100vw, 404px\" \/>\t\t\t\t\t\t\t\t\t\t\t\t\t\t\t<\/div>\n\t\t\t\t<\/div>\n\t\t\t\t<div class=\"elementor-element elementor-element-be1027f elementor-invisible elementor-widget elementor-widget-text-editor\" data-id=\"be1027f\" data-element_type=\"widget\" data-e-type=\"widget\" data-settings=\"{&quot;_animation&quot;:&quot;fadeInUp&quot;}\" data-widget_type=\"text-editor.default\">\n\t\t\t\t<div class=\"elementor-widget-container\">\n\t\t\t\t\t\t\t\t\t<p><strong>Ricerca\u00a0<\/strong>se le stesse opere siano state utilizzate dalle emittenti tv o radiofoniche o in altro modo,\u00a0<strong>negozia ed incassa<\/strong>\u00a0i relativi compensi,\u00a0<strong>comunica trimestralmente<\/strong>\u00a0ai titolari dei diritti l\u2019ammontare dei compensi maturati ed effettua con\u00a0<strong>puntualit\u00e0 i relativi pagamenti<\/strong>. Adotta criteri di\u00a0<strong>trasparenza<\/strong>, pubblicit\u00e0, equit\u00e0, imparzialit\u00e0, parit\u00e0 di trattamento e\u00a0<strong>non discriminazione<\/strong>\u00a0nei confronti degli artisti titolari dei diritti.<\/p><p>Offre servizi sociali, culturali, educativi ai propri artisti iscritti e li <strong>sostiene<\/strong>, in riferimento all\u2019art.7 della legge 93 del 1992, con<strong> attivit\u00e0 di studio e ricerca <\/strong>nonch\u00e9\u00a0con\u00a0<strong>azioni di promozione<\/strong>, di\u00a0<strong>formazione\u00a0<\/strong>e di\u00a0<strong>sostegno professionale<\/strong>.<\/p><p>Assume tutte le iniziative, anche in sede giudiziale, necessarie ed opportune per la\u00a0<strong>tutela degli interessi collettivi degli artisti interpreti esecutori<\/strong>, promuovendo ogni azione necessaria per la repressione di forme illecite di utilizzazione dei diritti gestiti per conto degli artisti e pi\u00f9 in generale di ogni attivit\u00e0 di\u00a0<strong>pirateria musicale e video<\/strong>.<\/p>\t\t\t\t\t\t\t\t<\/div>\n\t\t\t\t<\/div>\n\t\t\t\t<\/div>\n\t\t\t\t\t<\/div>\n\t\t\t\t<\/div>\n\t\t<div class=\"elementor-element elementor-element-bd91fc3 e-flex e-con-boxed e-con e-parent\" data-id=\"bd91fc3\" data-element_type=\"container\" data-e-type=\"container\" data-settings=\"{&quot;background_background&quot;:&quot;classic&quot;,&quot;_ha_eqh_enable&quot;:false}\">\n\t\t\t\t\t<div class=\"e-con-inner\">\n\t\t<div class=\"elementor-element elementor-element-d78155a e-con-full e-flex e-con e-child\" data-id=\"d78155a\" data-element_type=\"container\" data-e-type=\"container\" data-settings=\"{&quot;_ha_eqh_enable&quot;:false}\">\n\t\t\t\t<div class=\"elementor-element elementor-element-33ac3eb elementor-invisible elementor-widget elementor-widget-text-editor\" data-id=\"33ac3eb\" data-element_type=\"widget\" data-e-type=\"widget\" data-settings=\"{&quot;_animation&quot;:&quot;fadeInUp&quot;}\" data-widget_type=\"text-editor.default\">\n\t\t\t\t<div class=\"elementor-widget-container\">\n\t\t\t\t\t\t\t\t\t<p>Rete Artisti Spettacolo per l&#8217;Innovazione, \u00e8 una societ\u00e0 cooperativa, senza scopo di lucro, che si ispira al primato della persona, alla dignit\u00e0 ed al valore sociale ed economico del lavoro nei settori dello spettacolo e della cultura, alla solidariet\u00e0, all\u2019etica della responsabilit\u00e0 e della legalit\u00e0.<\/p><p>La R.A.S.I. nasce il 9 marzo 2012, come associazione, dall&#8217;unione di un gruppo di artisti e di alcune associazioni ed enti culturali. Aggiorna il proprio statuto sulla base del superamento per legge del monopolio per l\u2019attivit\u00e0 di gestione ed intermediazione dei diritti connessi.<\/p><p>La finalit\u00e0 prevalente della Rasi \u00e8 l&#8217;attivit\u00e0 di amministrazione ed intermediazione dei diritti connessi al diritto d&#8217;autore di cui alla legge 22 aprile 1941, n.633 dovuti a qualsiasi titolo ad artisti interpreti, esecutori, produttori, ad organismi tra loro costituiti.<\/p><p>La R.A.S.I. dal 1 giugno 2015 \u00e8 inserita nell&#8217;elenco della Presidenza del Consiglio dei Ministri, dipartimento per l&#8217;informazione e l&#8217;editoria, delle imprese in possesso dei requisiti per svolgere attivit\u00e0 di intermediazione dei diritti connessi al diritto d&#8217;autore di cui all&#8217;art.3, comma2, Dpcm 19 dicembre 2012.<\/p><p>Dal 6 ottobre 2017, a seguito della riforma di legge introdotta dal Decreto Legislativo n.35 del 15 marzo 2017, \u00e8 un organismo di gestione collettiva inserito nell&#8217;elenco Agcom (Autorit\u00e0 per le Garanzie nelle Comunicazioni) delle imprese in possesso dei requisiti previsti dal suddetto Decreto per lo svolgimento dell&#8217;attivit\u00e0 di intermediazione dei diritti connessi al diritto d&#8217;autore.\u00a0 Inoltre la cooperativa rappresenta ed esprime in tutte le sedi, locali, nazionali ed internazionali, gli interessi, le problematiche e le istanze dei settori della cultura e dello spettacolo nonch\u00e9 promuove la conoscenza, la diffusione e lo sviluppo di tali settori in tutte le loro articolazioni ed espressioni attraverso la realizzazione di iniziative culturali, attivit\u00e0 ed eventi artistici e dello spettacolo direttamente o in collaborazione con altre cooperative, associazioni, organismi ed istituzioni, a livello nazionale, europeo ed internazionale.<\/p>\t\t\t\t\t\t\t\t<\/div>\n\t\t\t\t<\/div>\n\t\t\t\t<\/div>\n\t\t<div class=\"elementor-element elementor-element-61a8730 e-con-full e-flex e-con e-child\" data-id=\"61a8730\" data-element_type=\"container\" data-e-type=\"container\" data-settings=\"{&quot;_ha_eqh_enable&quot;:false}\">\n\t\t\t\t<div class=\"elementor-element elementor-element-7b754a5 elementor-invisible elementor-widget elementor-widget-text-editor\" data-id=\"7b754a5\" data-element_type=\"widget\" data-e-type=\"widget\" data-settings=\"{&quot;_animation&quot;:&quot;fadeInUp&quot;}\" data-widget_type=\"text-editor.default\">\n\t\t\t\t<div class=\"elementor-widget-container\">\n\t\t\t\t\t\t\t\t\t<p>La cooperativa altres\u00ec tutela il lavoro, svolge l&#8217;assistenza e la promozione delle attivit\u00e0 imprenditoriali, la progettazione e l&#8217;erogazione di percorsi formativi e di alternanza, la tutela della disabilit\u00e0, l&#8217;inserimento ed il reinserimento dei lavoratori, in particolare le fasce pi\u00f9 deboli, nel mondo del lavoro dei settori artistici, della cultura e dello spettacolo. Promuove e tutela gli artisti, le loro aggregazioni, le piccole e medie imprese dei produttori artistici presso le istituzioni competenti ed eventuali altri interlocutori di interesse.<\/p><p>Rete Artisti Spettacolo per l&#8217;Innovazione realizza tutte le attivit\u00e0 necessarie per la tutela e la promozione dei diritti e degli interessi degli artisti interpreti esecutori, rappresentando le proposte di rilancio e rinnovamento del settore attraverso l&#8217;utilizzo di nuovi linguaggi e nuove tecnologie. Incoraggia l&#8217;innovazione professionale per lo sviluppo e la competitivit\u00e0 dei settori della cultura e dello spettacolo italiano nel panorama europeo.<\/p><p>La Rasi \u00e8 dotata di un organismo di sorveglianza composto da artisti interpreti esecutori e di un organo di controllo contabile composto da un revisore legale dei conti. I compensi relativi ai diritti amministrati, sono certificati da una societ\u00e0 di revisione legale esterna iscritta nell&#8217;elenco di cui al decreto legislativo n.39 del 27 gennaio 2010.<\/p>\t\t\t\t\t\t\t\t<\/div>\n\t\t\t\t<\/div>\n\t\t\t\t<div class=\"elementor-element elementor-element-e3b353f elementor-invisible elementor-widget elementor-widget-image\" data-id=\"e3b353f\" data-element_type=\"widget\" data-e-type=\"widget\" data-settings=\"{&quot;_animation&quot;:&quot;fadeInUp&quot;}\" data-widget_type=\"image.default\">\n\t\t\t\t<div class=\"elementor-widget-container\">\n\t\t\t\t\t\t\t\t\t\t\t\t\t\t\t<img decoding=\"async\" width=\"404\" height=\"382\" src=\"https:\/\/www.reteartistispettacolo.it\/wp-content\/uploads\/musica-note.jpg\" class=\"attachment-large size-large wp-image-179\" alt=\"Sei un cantante, musicista, orchestrale, corista, direttore o strumentista, esecutore, anche parte di un gruppo?\" srcset=\"https:\/\/www.reteartistispettacolo.it\/wp-content\/uploads\/musica-note.jpg 404w, https:\/\/www.reteartistispettacolo.it\/wp-content\/uploads\/musica-note-300x284.jpg 300w\" sizes=\"(max-width: 404px) 100vw, 404px\" \/>\t\t\t\t\t\t\t\t\t\t\t\t\t\t\t<\/div>\n\t\t\t\t<\/div>\n\t\t\t\t<\/div>\n\t\t\t\t\t<\/div>\n\t\t\t\t<\/div>\n\t\t<div class=\"elementor-element elementor-element-b0ddc85 e-flex e-con-boxed e-con e-parent\" data-id=\"b0ddc85\" data-element_type=\"container\" data-e-type=\"container\" data-settings=\"{&quot;background_background&quot;:&quot;classic&quot;,&quot;_ha_eqh_enable&quot;:false}\">\n\t\t\t\t\t<div class=\"e-con-inner\">\n\t\t<div class=\"elementor-element elementor-element-c2423f2 e-con-full e-flex e-con e-child\" data-id=\"c2423f2\" data-element_type=\"container\" data-e-type=\"container\" data-settings=\"{&quot;_ha_eqh_enable&quot;:false}\">\n\t\t<div class=\"elementor-element elementor-element-a3fd82e e-con-full e-flex e-con e-child\" data-id=\"a3fd82e\" data-element_type=\"container\" data-e-type=\"container\" data-settings=\"{&quot;background_background&quot;:&quot;classic&quot;,&quot;_ha_eqh_enable&quot;:false}\">\n\t\t<div class=\"elementor-element elementor-element-d756bdf e-con-full e-flex e-con e-child\" data-id=\"d756bdf\" data-element_type=\"container\" data-e-type=\"container\" data-settings=\"{&quot;_ha_eqh_enable&quot;:false}\">\n\t\t<div class=\"elementor-element elementor-element-b49ca98 e-con-full e-flex e-con e-child\" data-id=\"b49ca98\" data-element_type=\"container\" data-e-type=\"container\" data-settings=\"{&quot;background_background&quot;:&quot;classic&quot;,&quot;_ha_eqh_enable&quot;:false}\">\n\t\t<div class=\"elementor-element elementor-element-d058056 e-con-full e-flex e-con e-child\" data-id=\"d058056\" data-element_type=\"container\" data-e-type=\"container\" data-settings=\"{&quot;_ha_eqh_enable&quot;:false}\">\n\t\t\t\t<div class=\"elementor-element elementor-element-5fc73e7 elementor-widget elementor-widget-heading\" data-id=\"5fc73e7\" data-element_type=\"widget\" data-e-type=\"widget\" data-widget_type=\"heading.default\">\n\t\t\t\t<div class=\"elementor-widget-container\">\n\t\t\t\t\t<h4 class=\"elementor-heading-title elementor-size-default\">Hai bisogno di ulteriori informazioni?<\/h4>\t\t\t\t<\/div>\n\t\t\t\t<\/div>\n\t\t\t\t<div class=\"elementor-element elementor-element-2a70694 elementor-widget elementor-widget-text-editor\" data-id=\"2a70694\" data-element_type=\"widget\" data-e-type=\"widget\" data-widget_type=\"text-editor.default\">\n\t\t\t\t<div class=\"elementor-widget-container\">\n\t\t\t\t\t\t\t\t\t<p>Orientarsi per la tutela dei tuoi diritti \u00e8 importante, RASI \u00e8 al tuo fianco<\/p>\t\t\t\t\t\t\t\t<\/div>\n\t\t\t\t<\/div>\n\t\t\t\t<\/div>\n\t\t<div class=\"elementor-element elementor-element-2bd06eb e-con-full e-flex e-con e-child\" data-id=\"2bd06eb\" data-element_type=\"container\" data-e-type=\"container\" data-settings=\"{&quot;_ha_eqh_enable&quot;:false}\">\n\t\t\t\t<div class=\"elementor-element elementor-element-a92c975 elementor-align-right elementor-mobile-align-left elementor-widget elementor-widget-button\" data-id=\"a92c975\" data-element_type=\"widget\" data-e-type=\"widget\" data-widget_type=\"button.default\">\n\t\t\t\t<div class=\"elementor-widget-container\">\n\t\t\t\t\t\t\t\t\t<div class=\"elementor-button-wrapper\">\n\t\t\t\t\t<a class=\"elementor-button elementor-button-link elementor-size-sm\" href=\"https:\/\/www.reteartistispettacolo.it\/it\/contatti\/\">\n\t\t\t\t\t\t<span class=\"elementor-button-content-wrapper\">\n\t\t\t\t\t\t\t\t\t<span class=\"elementor-button-text\">Contatta RASI<\/span>\n\t\t\t\t\t<\/span>\n\t\t\t\t\t<\/a>\n\t\t\t\t<\/div>\n\t\t\t\t\t\t\t\t<\/div>\n\t\t\t\t<\/div>\n\t\t\t\t<\/div>\n\t\t\t\t<\/div>\n\t\t\t\t<\/div>\n\t\t\t\t<\/div>\n\t\t\t\t<\/div>\n\t\t\t\t\t<\/div>\n\t\t\t\t<\/div>\n\t\t\t\t<\/div>\n\t\t","protected":false},"excerpt":{"rendered":"<p>Chi siamo Rete Artisti Spettacolo per l&#8217;Innovazione Chi \u00e8 e di cosa si occupa la Rete Artisti Spettacolo per l&#8217;Innovazione? Rete Artisti Spettacolo per l&#8217;Innovazione\u00a0si occupa prevalentemente dell\u2019attivit\u00e0 di\u00a0amministrazione ed intermediazione dei diritti connessi al diritto d\u2019autore\u00a0di cui alla legge 22 aprile 1941, n.633, agendo nell\u2019interesse dei titolari dei diritti da essa rappresentati e proteggendo [&hellip;]<\/p>\n","protected":false},"author":1,"featured_media":514,"parent":0,"menu_order":0,"comment_status":"closed","ping_status":"closed","template":"","meta":{"footnotes":""},"class_list":["post-513","page","type-page","status-publish","has-post-thumbnail","hentry"],"_links":{"self":[{"href":"https:\/\/www.reteartistispettacolo.it\/it\/wp-json\/wp\/v2\/pages\/513","targetHints":{"allow":["GET"]}}],"collection":[{"href":"https:\/\/www.reteartistispettacolo.it\/it\/wp-json\/wp\/v2\/pages"}],"about":[{"href":"https:\/\/www.reteartistispettacolo.it\/it\/wp-json\/wp\/v2\/types\/page"}],"author":[{"embeddable":true,"href":"https:\/\/www.reteartistispettacolo.it\/it\/wp-json\/wp\/v2\/users\/1"}],"replies":[{"embeddable":true,"href":"https:\/\/www.reteartistispettacolo.it\/it\/wp-json\/wp\/v2\/comments?post=513"}],"version-history":[{"count":32,"href":"https:\/\/www.reteartistispettacolo.it\/it\/wp-json\/wp\/v2\/pages\/513\/revisions"}],"predecessor-version":[{"id":2730,"href":"https:\/\/www.reteartistispettacolo.it\/it\/wp-json\/wp\/v2\/pages\/513\/revisions\/2730"}],"wp:featuredmedia":[{"embeddable":true,"href":"https:\/\/www.reteartistispettacolo.it\/it\/wp-json\/wp\/v2\/media\/514"}],"wp:attachment":[{"href":"https:\/\/www.reteartistispettacolo.it\/it\/wp-json\/wp\/v2\/media?parent=513"}],"curies":[{"name":"wp","href":"https:\/\/api.w.org\/{rel}","templated":true}]}}