{"id":289,"date":"2023-06-14T21:06:01","date_gmt":"2023-06-14T19:06:01","guid":{"rendered":"https:\/\/www.reteartistispettacolo.it\/?page_id=289"},"modified":"2024-11-12T15:43:30","modified_gmt":"2024-11-12T14:43:30","slug":"personal-data-policy","status":"publish","type":"page","link":"https:\/\/www.reteartistispettacolo.it\/it\/personal-data-policy\/","title":{"rendered":"Personal Data Policy"},"content":{"rendered":"\t\t<div data-elementor-type=\"wp-page\" data-elementor-id=\"289\" class=\"elementor elementor-289\" data-elementor-settings=\"{&quot;ha_cmc_init_switcher&quot;:&quot;no&quot;}\" data-elementor-post-type=\"page\">\n\t\t\t\t<div class=\"elementor-element elementor-element-aefef9c e-flex e-con-boxed e-con e-parent\" data-id=\"aefef9c\" data-element_type=\"container\" data-e-type=\"container\" data-settings=\"{&quot;background_background&quot;:&quot;classic&quot;,&quot;_ha_eqh_enable&quot;:false}\">\n\t\t\t\t\t<div class=\"e-con-inner\">\n\t\t<div class=\"elementor-element elementor-element-b89bf90 e-con-full e-flex e-con e-child\" data-id=\"b89bf90\" data-element_type=\"container\" data-e-type=\"container\" data-settings=\"{&quot;_ha_eqh_enable&quot;:false}\">\n\t\t\t\t<div class=\"elementor-element elementor-element-81945b2 elementor-invisible elementor-widget elementor-widget-heading\" data-id=\"81945b2\" data-element_type=\"widget\" data-e-type=\"widget\" data-settings=\"{&quot;_animation&quot;:&quot;fadeInUp&quot;}\" data-widget_type=\"heading.default\">\n\t\t\t\t<div class=\"elementor-widget-container\">\n\t\t\t\t\t<h1 class=\"elementor-heading-title elementor-size-default\">Personal Data Policy<\/h1>\t\t\t\t<\/div>\n\t\t\t\t<\/div>\n\t\t\t\t<div class=\"elementor-element elementor-element-422a8ef elementor-invisible elementor-widget elementor-widget-heading\" data-id=\"422a8ef\" data-element_type=\"widget\" data-e-type=\"widget\" data-settings=\"{&quot;_animation&quot;:&quot;fadeInUp&quot;}\" data-widget_type=\"heading.default\">\n\t\t\t\t<div class=\"elementor-widget-container\">\n\t\t\t\t\t<p class=\"elementor-heading-title elementor-size-default\">Rete Artisti Spettacolo per l'Innovazione<\/p>\t\t\t\t<\/div>\n\t\t\t\t<\/div>\n\t\t\t\t<\/div>\n\t\t\t\t\t<\/div>\n\t\t\t\t<\/div>\n\t\t<div class=\"elementor-element elementor-element-6b400e1d e-flex e-con-boxed e-con e-parent\" data-id=\"6b400e1d\" data-element_type=\"container\" data-e-type=\"container\" data-settings=\"{&quot;_ha_eqh_enable&quot;:false}\">\n\t\t\t\t\t<div class=\"e-con-inner\">\n\t\t\t\t<div class=\"elementor-element elementor-element-4943c4cc elementor-widget elementor-widget-text-editor\" data-id=\"4943c4cc\" data-element_type=\"widget\" data-e-type=\"widget\" data-widget_type=\"text-editor.default\">\n\t\t\t\t<div class=\"elementor-widget-container\">\n\t\t\t\t\t\t\t\t\t<p><strong>Informativa privacy<\/strong><\/p><p>La presente informativa \u00e8 resa ai sensi dell\u2019art. 13 Regolamento UE 2016\/679 per la protezione dei dati personali. I dati trattati saranno quelli degli utenti web.<\/p><p>Il Titolare del trattamento \u00e8:<\/p><p>R.A.S.I. RETE ARTISTI SPETTACOLO PER L\u2019INNOVAZIONE, Soc.Coop. a.r.l. senza scopo di lucro<br \/>Via Po 43, 00198 Roma<br \/>info@reteartistispettacolo.it<br \/>Partita IVA: IT13451801008<\/p><p><strong>Natura del conferimento<\/strong><\/p><p>Il conferimento dei dati \u00e8 facoltativo. Il rifiuto a fornire i dati comporta l\u2019impossibilit\u00e0 di essere ricontattati per le finalit\u00e0 sotto riportate. Il conferimento a fini di marketing \u00e8 facoltativo e non comporta l\u2019impossibilit\u00e0 di essere ricontattati per le altre finalit\u00e0.<\/p><p><strong>Finalit\u00e0 del trattamento e base giuridica<\/strong><\/p><ol><li><p>esecuzione di obblighi derivanti da contratti stipulati con il Titolare e\/o adempimento, prima della conclusione del contratto, di specifiche richieste dell\u2019Interessato;<\/p><\/li><li><p>adempimento di obblighi previsti dalla legge, da regolamenti o dalla normativa comunitaria e di difesa in giudizio;<\/p><\/li><\/ol><p>In merito alle finalit\u00e0 sub a) e b), La informiamo che il trattamento e la comunicazione dei Suoi dati personali da parte del Titolare non necessita del Suo consenso in quanto trattamento necessario per l\u2019esecuzione di obblighi derivanti dal contratto stesso e\/o per l\u2019esecuzione di prestazioni da Lei richieste prima della conclusione del contratto nonch\u00e9 per ottemperare ad obblighi di legge.<\/p><p><strong>Legittimo interesse<\/strong><\/p><p>Il titolare non si avvale del legittimo interesse per il trattamento dei dati personali se non per la tutela dei propri diritti, ovvero per accertare, esercitare o difendere un diritto in sede giudiziaria.<\/p><p><strong>Modalit\u00e0 per il trattamento dei dati<\/strong><\/p><p>I dati raccolti sono trattati con strumenti informatici.<\/p><p>Idonee misure di sicurezza sono osservate per prevenire la perdita dei dati, usi illeciti o non corretti ed accessi non autorizzati.<\/p><p><strong>Chi tratta i tuoi dati<\/strong><\/p><p>I trattamenti di dati personali sono curati da personale autorizzato o da responsabili del trattamento opportunamente nominati. L\u2019elenco aggiornato dei responsabili del trattamento o di eventuali titolari autonomi pu\u00f2 essere richiesto al Titolare o al DPO.<\/p><p><strong>Trasferimento dei dati<\/strong><\/p><p>I dati saranno trasferiti all\u2019interno della UE. Alcuni dati potranno essere trasferiti negli USA a quelle societ\u00e0 che sono certificate per il Data Privacy Framework.<\/p><p><strong>Periodo di conservazione dei dati<\/strong><\/p><p>Il tempo di conservazione delle scelte dell\u2019utente riferito ai cookie \u00e8 di sei mesi come richiesto dal provvedimento.<\/p><p>Il tempo di conservazione dei cookie cambia a secondo della tipologia di appartenenza. Per i cookie di profilazione di terze parti possono essere consultati direttamente le specifiche sui relativi siti.<\/p><p>I dati personali trattati per finalit\u00e0 di contatto o economiche, saranno trattati per i tempi obbligatori previsti dalle leggi di competenza.<\/p><p><strong>Diritti degli interessati ex art 15 UE 2016\/679<\/strong><\/p><p>Gli interessati hanno il diritto di ottenere dal Titolare, nei casi previsti, l\u2019accesso ai propri dati personali e la rettifica o la cancellazione degli stessi o la limitazione del trattamento che li riguarda o di opporsi al trattamento (artt. 15 e ss. del Regolamento).\u00a0Le richieste vanno inoltrate al Titolare del trattamento ai riferimenti riportati all\u2019inizio della presente informativa.<\/p><p><strong>Diritto di reclamo<\/strong><\/p><p>Gli interessati che ritengono che il trattamento dei dati personali a loro riferiti effettuato attraverso questo sito avvenga in violazione di quanto previsto dal Regolamento hanno il diritto di proporre reclamo al Garante, come previsto dall\u2019art. 77 del Regolamento stesso, o di adire le opportune sedi giudiziarie (art. 79 del Regolamento).<\/p>\t\t\t\t\t\t\t\t<\/div>\n\t\t\t\t<\/div>\n\t\t\t\t\t<\/div>\n\t\t\t\t<\/div>\n\t\t<div class=\"elementor-element elementor-element-d3e99c0 e-flex e-con-boxed e-con e-parent\" data-id=\"d3e99c0\" data-element_type=\"container\" data-e-type=\"container\" data-settings=\"{&quot;background_background&quot;:&quot;classic&quot;,&quot;_ha_eqh_enable&quot;:false}\">\n\t\t\t\t\t<div class=\"e-con-inner\">\n\t\t<div class=\"elementor-element elementor-element-541c34e e-con-full e-flex e-con e-child\" data-id=\"541c34e\" data-element_type=\"container\" data-e-type=\"container\" data-settings=\"{&quot;_ha_eqh_enable&quot;:false}\">\n\t\t<div class=\"elementor-element elementor-element-479e398 e-con-full e-flex e-con e-child\" data-id=\"479e398\" data-element_type=\"container\" data-e-type=\"container\" data-settings=\"{&quot;background_background&quot;:&quot;classic&quot;,&quot;_ha_eqh_enable&quot;:false}\">\n\t\t<div class=\"elementor-element elementor-element-f9e5dfd e-con-full e-flex e-con e-child\" data-id=\"f9e5dfd\" data-element_type=\"container\" data-e-type=\"container\" data-settings=\"{&quot;_ha_eqh_enable&quot;:false}\">\n\t\t<div class=\"elementor-element elementor-element-eb665ea e-con-full e-flex e-con e-child\" data-id=\"eb665ea\" data-element_type=\"container\" data-e-type=\"container\" data-settings=\"{&quot;background_background&quot;:&quot;classic&quot;,&quot;_ha_eqh_enable&quot;:false}\">\n\t\t<div class=\"elementor-element elementor-element-0d233e3 e-con-full e-flex e-con e-child\" data-id=\"0d233e3\" data-element_type=\"container\" data-e-type=\"container\" data-settings=\"{&quot;_ha_eqh_enable&quot;:false}\">\n\t\t\t\t<div class=\"elementor-element elementor-element-ab0d489 elementor-widget elementor-widget-heading\" data-id=\"ab0d489\" data-element_type=\"widget\" data-e-type=\"widget\" data-widget_type=\"heading.default\">\n\t\t\t\t<div class=\"elementor-widget-container\">\n\t\t\t\t\t<h4 class=\"elementor-heading-title elementor-size-default\">Hai bisogno di ulteriori informazioni?<\/h4>\t\t\t\t<\/div>\n\t\t\t\t<\/div>\n\t\t\t\t<div class=\"elementor-element elementor-element-69ce479 elementor-widget elementor-widget-text-editor\" data-id=\"69ce479\" data-element_type=\"widget\" data-e-type=\"widget\" data-widget_type=\"text-editor.default\">\n\t\t\t\t<div class=\"elementor-widget-container\">\n\t\t\t\t\t\t\t\t\t<p>Orientarsi per la tutela dei tuoi diritti \u00e8 importante, RASI \u00e8 al tuo fianco<\/p>\t\t\t\t\t\t\t\t<\/div>\n\t\t\t\t<\/div>\n\t\t\t\t<\/div>\n\t\t<div class=\"elementor-element elementor-element-c21b400 e-con-full e-flex e-con e-child\" data-id=\"c21b400\" data-element_type=\"container\" data-e-type=\"container\" data-settings=\"{&quot;_ha_eqh_enable&quot;:false}\">\n\t\t\t\t<div class=\"elementor-element elementor-element-3e7ea72 elementor-align-right elementor-mobile-align-left elementor-widget elementor-widget-button\" data-id=\"3e7ea72\" data-element_type=\"widget\" data-e-type=\"widget\" data-widget_type=\"button.default\">\n\t\t\t\t<div class=\"elementor-widget-container\">\n\t\t\t\t\t\t\t\t\t<div class=\"elementor-button-wrapper\">\n\t\t\t\t\t<a class=\"elementor-button elementor-button-link elementor-size-sm\" href=\"https:\/\/www.reteartistispettacolo.it\/it\/contatti\/\">\n\t\t\t\t\t\t<span class=\"elementor-button-content-wrapper\">\n\t\t\t\t\t\t\t\t\t<span class=\"elementor-button-text\">Contatta RASI<\/span>\n\t\t\t\t\t<\/span>\n\t\t\t\t\t<\/a>\n\t\t\t\t<\/div>\n\t\t\t\t\t\t\t\t<\/div>\n\t\t\t\t<\/div>\n\t\t\t\t<\/div>\n\t\t\t\t<\/div>\n\t\t\t\t<\/div>\n\t\t\t\t<\/div>\n\t\t\t\t<\/div>\n\t\t\t\t\t<\/div>\n\t\t\t\t<\/div>\n\t\t\t\t<\/div>\n\t\t","protected":false},"excerpt":{"rendered":"<p>Personal Data Policy Rete Artisti Spettacolo per l&#8217;Innovazione Informativa privacy La presente informativa \u00e8 resa ai sensi dell\u2019art. 13 Regolamento UE 2016\/679 per la protezione dei dati personali. I dati trattati saranno quelli degli utenti web. Il Titolare del trattamento \u00e8: R.A.S.I. RETE ARTISTI SPETTACOLO PER L\u2019INNOVAZIONE, Soc.Coop. a.r.l. senza scopo di lucroVia Po 43, [&hellip;]<\/p>\n","protected":false},"author":1,"featured_media":0,"parent":0,"menu_order":0,"comment_status":"closed","ping_status":"closed","template":"","meta":{"footnotes":""},"class_list":["post-289","page","type-page","status-publish","hentry"],"_links":{"self":[{"href":"https:\/\/www.reteartistispettacolo.it\/it\/wp-json\/wp\/v2\/pages\/289","targetHints":{"allow":["GET"]}}],"collection":[{"href":"https:\/\/www.reteartistispettacolo.it\/it\/wp-json\/wp\/v2\/pages"}],"about":[{"href":"https:\/\/www.reteartistispettacolo.it\/it\/wp-json\/wp\/v2\/types\/page"}],"author":[{"embeddable":true,"href":"https:\/\/www.reteartistispettacolo.it\/it\/wp-json\/wp\/v2\/users\/1"}],"replies":[{"embeddable":true,"href":"https:\/\/www.reteartistispettacolo.it\/it\/wp-json\/wp\/v2\/comments?post=289"}],"version-history":[{"count":7,"href":"https:\/\/www.reteartistispettacolo.it\/it\/wp-json\/wp\/v2\/pages\/289\/revisions"}],"predecessor-version":[{"id":3287,"href":"https:\/\/www.reteartistispettacolo.it\/it\/wp-json\/wp\/v2\/pages\/289\/revisions\/3287"}],"wp:attachment":[{"href":"https:\/\/www.reteartistispettacolo.it\/it\/wp-json\/wp\/v2\/media?parent=289"}],"curies":[{"name":"wp","href":"https:\/\/api.w.org\/{rel}","templated":true}]}}