{"id":1464,"date":"2022-02-15T11:47:01","date_gmt":"2022-02-15T10:47:01","guid":{"rendered":"https:\/\/www.reteartistispettacolo.it\/?page_id=1464"},"modified":"2023-12-06T11:50:57","modified_gmt":"2023-12-06T10:50:57","slug":"bando-tematico-lultima-guerra","status":"publish","type":"page","link":"https:\/\/www.reteartistispettacolo.it\/it\/bando-tematico-lultima-guerra\/","title":{"rendered":"Bando tematico &#8220;L&#8217;ULTIMA GUERRA&#8221;"},"content":{"rendered":"\t\t<div data-elementor-type=\"wp-page\" data-elementor-id=\"1464\" class=\"elementor elementor-1464\" data-elementor-settings=\"{&quot;ha_cmc_init_switcher&quot;:&quot;no&quot;}\" data-elementor-post-type=\"page\">\n\t\t\t\t\t\t<section class=\"elementor-section elementor-top-section elementor-element elementor-element-8eedbe6 elementor-section-height-min-height elementor-section-boxed elementor-section-height-default elementor-section-items-middle\" data-id=\"8eedbe6\" data-element_type=\"section\" data-e-type=\"section\" data-settings=\"{&quot;background_background&quot;:&quot;gradient&quot;,&quot;_ha_eqh_enable&quot;:false}\">\n\t\t\t\t\t\t\t<div class=\"elementor-background-overlay\"><\/div>\n\t\t\t\t\t\t\t<div class=\"elementor-container elementor-column-gap-default\">\n\t\t\t\t\t<div class=\"elementor-column elementor-col-100 elementor-top-column elementor-element elementor-element-271fd70\" data-id=\"271fd70\" data-element_type=\"column\" data-e-type=\"column\">\n\t\t\t<div class=\"elementor-widget-wrap elementor-element-populated\">\n\t\t\t\t\t\t<div class=\"elementor-element elementor-element-50207b8 elementor-widget elementor-widget-text-editor\" data-id=\"50207b8\" data-element_type=\"widget\" data-e-type=\"widget\" data-widget_type=\"text-editor.default\">\n\t\t\t\t<div class=\"elementor-widget-container\">\n\t\t\t\t\t\t\t\t\t<p>Promozione \/ Bandi conclusi<\/p>\t\t\t\t\t\t\t\t<\/div>\n\t\t\t\t<\/div>\n\t\t\t\t<div class=\"elementor-element elementor-element-bb0179b elementor-invisible elementor-widget elementor-widget-heading\" data-id=\"bb0179b\" data-element_type=\"widget\" data-e-type=\"widget\" data-settings=\"{&quot;_animation&quot;:&quot;fadeInUp&quot;}\" data-widget_type=\"heading.default\">\n\t\t\t\t<div class=\"elementor-widget-container\">\n\t\t\t\t\t<h1 class=\"elementor-heading-title elementor-size-default\">Bando tematico L'ULTIMA GUERRA<\/h1>\t\t\t\t<\/div>\n\t\t\t\t<\/div>\n\t\t\t\t<div class=\"elementor-element elementor-element-d08e238 elementor-invisible elementor-widget elementor-widget-heading\" data-id=\"d08e238\" data-element_type=\"widget\" data-e-type=\"widget\" data-settings=\"{&quot;_animation&quot;:&quot;fadeInUp&quot;}\" data-widget_type=\"heading.default\">\n\t\t\t\t<div class=\"elementor-widget-container\">\n\t\t\t\t\t<p class=\"elementor-heading-title elementor-size-default\">(DI CUI ALL\u2019ART.7 DELLA LEGGE N.93 DEL 5 FEBBRAIO 1992)<\/p>\t\t\t\t<\/div>\n\t\t\t\t<\/div>\n\t\t\t\t<div class=\"elementor-element elementor-element-dfc330a elementor-invisible elementor-widget elementor-widget-heading\" data-id=\"dfc330a\" data-element_type=\"widget\" data-e-type=\"widget\" data-settings=\"{&quot;_animation&quot;:&quot;fadeInUp&quot;}\" data-widget_type=\"heading.default\">\n\t\t\t\t<div class=\"elementor-widget-container\">\n\t\t\t\t\t<p class=\"elementor-heading-title elementor-size-default\">Bando tematico per la PROMOZIONE delle attivit\u00e0 professionali degli artisti<\/p>\t\t\t\t<\/div>\n\t\t\t\t<\/div>\n\t\t\t\t<div class=\"elementor-element elementor-element-767f297 elementor-invisible elementor-widget elementor-widget-heading\" data-id=\"767f297\" data-element_type=\"widget\" data-e-type=\"widget\" data-settings=\"{&quot;_animation&quot;:&quot;fadeInUp&quot;}\" data-widget_type=\"heading.default\">\n\t\t\t\t<div class=\"elementor-widget-container\">\n\t\t\t\t\t<p class=\"elementor-heading-title elementor-size-default\">Scadenza 24.00 del giorno 15 aprile 2022<\/p>\t\t\t\t<\/div>\n\t\t\t\t<\/div>\n\t\t\t\t\t<\/div>\n\t\t<\/div>\n\t\t\t\t\t<\/div>\n\t\t<\/section>\n\t\t\t\t<section class=\"elementor-section elementor-top-section elementor-element elementor-element-9c7e07d elementor-section-boxed elementor-section-height-default elementor-section-height-default\" data-id=\"9c7e07d\" data-element_type=\"section\" data-e-type=\"section\" data-settings=\"{&quot;background_background&quot;:&quot;classic&quot;,&quot;_ha_eqh_enable&quot;:false}\">\n\t\t\t\t\t\t<div class=\"elementor-container elementor-column-gap-default\">\n\t\t\t\t\t<div class=\"elementor-column elementor-col-100 elementor-top-column elementor-element elementor-element-2d8a2f6\" data-id=\"2d8a2f6\" data-element_type=\"column\" data-e-type=\"column\">\n\t\t\t<div class=\"elementor-widget-wrap elementor-element-populated\">\n\t\t\t\t\t\t<div class=\"elementor-element elementor-element-7a56269 elementor-widget elementor-widget-text-editor\" data-id=\"7a56269\" data-element_type=\"widget\" data-e-type=\"widget\" data-widget_type=\"text-editor.default\">\n\t\t\t\t<div class=\"elementor-widget-container\">\n\t\t\t\t\t\t\t\t\t<p><strong>BANDO: L\u2019ULTIMA GUERRA<\/strong><\/p><p><strong>Spunto tematico<\/strong><\/p><p>Mentre scriviamo queste righe la guerra \u00e8 in Europa, quasi nelle nostre case, col suo terribile carico di atrocit\u00e0 e distruzione. La nostra empatia non fa molta fatica ad attivarsi di fronte a scenari metropolitani cos\u00ec simili ai nostri, cos\u00ec prossimi, cos\u00ec ingiustificati. Non esiste una guerra giusta, certo, ma rispondere a un\u2019aggressione \u00e8 doveroso se si ha a cuore la propria libert\u00e0, la propria indipendenza. Le donne, gli uomini, i bambini e gli anziani ucraini non hanno nessuna responsabilit\u00e0 in questa guerra e ne sono le vittime. Milioni di persone sono in viaggio per salvarsi la vita, tracimeranno in Paesi impreparati ad accoglierli. Da un verso gli egoismi si rafforzeranno e dall\u2019altro si tenter\u00e0 di dar loro conforto. Gli artisti non dovrebbero rimanere a guardare ma \u00e8 in questo spaventoso frangente che dovrebbero esprimersi, prendere posizione, anche smarcandosi dalla spaventosa cronaca o usandola fino alle sue estreme conseguenze. Il sommovimento epico a cui stiamo assistendo non pu\u00f2 e non deve fare a meno della nostra voce. Questa non sar\u00e0 l\u2019ultima guerra ma \u00e8 nostro compito anche tentare di fare in modo che lo sia. Rimane la domanda: come uscire da tutto ci\u00f2 per una rinascita?<\/p><p>E\u2019 opportuno precisare che sulla base di uno dei principi primari di R.a.s.i., ovvero quello della piena autonomia artistica degli artisti, \u00e8 anche possibile presentare progetti che non facciano riferimento allo spunto tematico indicato.<\/p><p><strong>Articolo 1<\/strong><\/p><p>OGGETTO<\/p><p>Il presente bando proposto ed approvato dagli artisti del Comitato di Sorveglianza, adottato in base al \u201cRegolamento per le attivit\u00e0 di promozione e patrocinio\u201d e ratificato dal Cda e dall\u2019Assemblea dei soci R.A.S.I., disciplina i criteri e le modalit\u00e0 di partecipazione, assegnazione ed erogazione delle risorse finanziarie nonch\u00e9 le procedure per il monitoraggio e la rendicontazione finalizzati alla realizzazione delle attivit\u00e0 di promozione di cui\u00a0 all\u2019art.7 della Legge n.93 del 5 febbraio 1992 al fine di assicurare equit\u00e0 e trasparenza nonch\u00e9 il miglior impiego delle risorse destinate al conseguimento degli obiettivi.<\/p><p><strong>Articolo 2<\/strong><\/p><p>ATTIVIT\u00c0 AMMISSIBILI E RISORSE<\/p><p>La R.A.S.I. assegna contributi per sostenere in particolare le seguenti attivit\u00e0 realizzate appositamente per il presente bando:<\/p><p><strong>a) Attivit\u00e0 dello spettacolo dal vivo;<\/strong><\/p><p>Produzione di progetti e spettacoli teatrali e concerti musicali, performances, monologhi ecc.<\/p><p><strong>b) Realizzazione di brevi cortometraggi o videoclip di brani, inediti, anche con strumenti tecnologici innovativi;<\/strong><\/p><p>Per breve cortometraggio si intende un\u2019opera cinematografica della durata massima di 7 minuti e per strumenti tecnologici innovativi s\u2019intendono smartphone, tablet ecc.<\/p><p><strong>c) Formazione professionale anno 2022;<\/strong><\/p><p>La Rasi prosegue ad investire sull\u2019attivit\u00e0 di formazione ed aggiornamento professionale annuale degli artisti, al fine di consentirgli di lavorare sul proprio perfezionamento ed ampliare, in questo modo, le opportunit\u00e0 di lavoro anzich\u00e9 prevedere un eventuale rimborso per l\u2019effettuazione di provini che rischierebbe di relegare il perfezionamento professionale ad un ruolo marginale, senza apportare alcun valore aggiunto al bagaglio professionale, rischiando di assumere un significato di mero sussidio. La formazione professionale annuale prevista pu\u00f2 comprendere le attivit\u00e0 di preparazione per selezioni e provini, coaching per la preparazione di un ruolo, l\u2019iscrizione e la frequenza di percorsi di formazione, di aggiornamento e\/o riqualificazione delle competenze professionali, nonch\u00e9 di corsi di laurea e\/o post lauream e master, inerenti il profilo professionale. Il contributo nella misura massima del 10% sar\u00e0 spendibile per l\u2019acquisto di pubblicazioni, libri, riviste, cd, supporti audiovisivi e musicali, anche in formato digitale, comunque utili all&#8217;aggiornamento professionale;<\/p><p><strong>d) Realizzazione di self tape, showreel, book fotografici, siti web anno 2022;<\/strong><\/p><p>Il self tape \u00e8 un auto-provino che pu\u00f2 essere realizzato anche con il cellulare e pu\u00f2 essere inviato tramite link. Lo showreel \u00e8 un prodotto attraverso il quale vengono riassunti con brevi spezzoni di filmati montati, tutti i punti pi\u00f9 significativi della carriera di un artista.<\/p><p>I richiedenti possono presentare una sola richiesta di contributo per la realizzazione di una sola delle attivit\u00e0 di cui ai punti precedenti A) B) C) D); La somma complessivamente stanziata per la realizzazione delle iniziative di cui al presente bando \u00e8 a valere sul Fondo Promozione R.A.S.I.<\/p><p><strong>Articolo 3<\/strong><\/p><p>CARATTERISTICHE DEL SOSTEGNO FINANZIARIO<\/p><p>La R.A.S.I. pu\u00f2 sostenere la realizzazione di ciascun evento con un contributo pari ad un importo fino a un massimo di euro\u00a0<strong>4000,00 al lordo degli oneri fiscali<\/strong>. La documentazione di rendicontazione relativa alle attivit\u00e0 sostenute nel presente bando dovr\u00e0 pervenire a R.a.s.i. entro il\u00a0<strong>31 dicembre 2022,<\/strong>\u00a0prorogabile, con richiesta motivata.<\/p><p>Ciascun artista potr\u00e0 presentare una sola richiesta di contributo ai sensi del presente bando e percepire autonomamente qualsiasi altro sostegno finanziario per l\u2019attivit\u00e0 che intende realizzare. Nel caso di presentazione di pi\u00f9 richieste rimane valida quella cronologicamente presentata per prima.<\/p><p>Gli artisti sono liberi di realizzare le attivit\u00e0 come ritengono opportuno nella piena autonomia artistica.<\/p><p><strong>Articolo 4<\/strong><\/p><p>BENEFICIARI E REQUISITI<\/p><p>Possono beneficiare dei sostegni di cui al presente bando gli artisti singoli, residenti in Italia, soci e\/o mandanti esclusivamente di R.A.S.I. e residenti in Italia,\u00a0<strong>gi\u00e0 aventi diritto<\/strong>,\u00a0<strong>ovvero artisti interpreti esecutori che abbiano gi\u00e0 incassato, prima della pubblicazione del bando, i compensi relativi ai diritti connessi.<\/strong>\u00a0Il mancato possesso di tali requisiti comporter\u00e0 la non ammissibilit\u00e0 al contributo della proposta. La perdita anche di uno dei requisiti intervenuta successivamente all\u2019assegnazione del contributo ma prima del saldo, comporter\u00e0 la decadenza dal contributo concesso con conseguente recupero dell\u2019acconto eventualmente gi\u00e0 erogato.<\/p><p><strong>Articolo 5<\/strong><\/p><p>PRESENTAZIONE DELLA DOMANDA<\/p><p>La richiesta, pena esclusione, per l\u2019ammissione al finanziamento deve essere presentata entro le ore<strong>\u00a024.00\u00a0<\/strong><strong>del giorno 15 Aprile 2022.<\/strong><\/p><p>La richiesta deve essere presentata accedendo al seguente link:<\/p><p><a href=\"https:\/\/www.reteartistispettacolo.it\/it\/promozione\/bando-lultima-guerra.html\">https:\/\/www.reteartistispettacolo.it\/it\/promozione\/bando-lultima-guerra.html<\/a><\/p><p>compilando il format ed inviandolo.<\/p><p>Al modulo devono essere allegati:<\/p><p>a) progetto dell\u2019attivit\u00e0 per la quale si richiede il sostegno;<\/p><p>b) copia del documento d\u2019identit\u00e0 del richiedente;<\/p><p>c) informativa sulla privacy vistata dall\u2019artista per accettazione.<\/p><p><strong>Articolo 6<\/strong><\/p><p>ISTRUTTORIA<\/p><p>Le richieste pervenute sono sottoposte ad un\u2019istruttoria formale-amministrativa di ammissibilit\u00e0 volta a verificare il rispetto dei requisiti soggettivi e progettuali di partecipazione, delle modalit\u00e0 e dei termini di presentazione e la completezza della documentazione richiesta.<\/p><p>La carenza di qualsiasi elemento formale della domanda di partecipazione, potr\u00e0 essere regolarizzata mediante aiuto istruttorio. In tal caso, gli uffici R.A.S.I. provvederanno a trasmettere, apposita richiesta di regolarizzazione assegnando al soggetto proponente un termine non superiore a 10 giorni per provvedere. In caso di mancata o incompleta regolarizzazione entro il termine assegnato la richiesta \u00e8 dichiarata non ammissibile alla fase di valutazione e gli uffici R.A.S.I. provvederanno a comunicare la non ammissibilit\u00e0 all\u2019interessato.\u00a0<\/p><p><strong>Articolo 7<\/strong><\/p><p>VALUTAZIONE DELLA RICHIESTA<\/p><p>Il Comitato di Sorveglianza della R.a.s.i., composto da artisti, sulla base della disponibilit\u00e0 finanziaria complessiva provvede a definire per ciascuna tipologia delle attivit\u00e0 previste all\u2019art.2 del presente bando un contributo massimo assegnabile.<\/p><p>Procede quindi alla valutazione dei progetti ritenuti ammissibili in base a criteri di qualit\u00e0 artistica ed organizzativa attribuendo agli stessi un punteggio tra il numero 1 ed il numero 5 comprensivi dei decimali. Il contributo per ciascun progetto di ogni tipologia \u00e8 riconosciuto proporzionalmente al totale del punteggio assegnato. Ai fini della valutazione dei progetti presentati si terr\u00e0 anche conto del numero di artisti mandanti o che aderiranno a R.a.s.i. come nuovi mandanti coinvolti nel progetto, con il riconoscimento di un punteggio bonus specifico per ciascuna delle due categorie. Successivamente il Consiglio di Amministrazione provvede all\u2019approvazione dei contributi proposti.<\/p><p><strong>Articolo 8<\/strong><\/p><p>ASSEGNAZIONE E COMUNICAZIONE DEI CONTRIBUTI<\/p><p>Entro il giorno 6 maggio 2022 sar\u00e0 comunicato agli artisti l\u2019esito della richiesta ed il contributo assegnato al lordo degli oneri fiscali e di legge. I beneficiari dovranno inviare a R.A.S.I. l\u2019accettazione del finanziamento e l\u2019impegno a svolgere la relativa attivit\u00e0 prevista. Qualora un richiedente rinunciasse allo svolgimento dell\u2019attivit\u00e0 i relativi fondi stanziati ritorneranno nella disponibilit\u00e0 del Fondo Promozione. La R.A.S.I. non assume alcuna responsabilit\u00e0 in merito all&#8217;organizzazione e allo svolgimento delle attivit\u00e0 per cui sono stati concessi i sostegni finanziari e per nessuna tipologia di sinistro e\/o rivendicazione di terzi relativi alle stesse.<\/p><p><strong>Articolo 9<\/strong><\/p><p>EROGAZIONE E RENDICONTAZIONE<\/p><p>L\u2019erogazione del contributo pu\u00f2 avvenire in un\u2019unica soluzione a rendiconto avvenuto o in due rate, secondo le modalit\u00e0 di seguito indicate:<\/p><p>a) un\u2019anticipazione, da richiedersi in sede di accettazione del contributo nella misura del 50% dell\u2019importo concesso;<\/p><p>b) un\u2019erogazione a saldo entro 30 giorni dalla conclusione dell\u2019attivit\u00e0 oggetto del contributo previa la consegna della documentazione fiscale prevista dalla legge e di copia del seguente materiale per le attivit\u00e0 di cui all\u2019art.2:<\/p><p><strong>a) Attivit\u00e0 dello spettacolo dal vivo;<\/strong><\/p><p>materiale stampato, promozionale, fotografico, video e pubblicitario realizzato riportante la frase \u201crealizzato con il sostegno di R.A.S.I. Rete Artisti Spettacolo per l\u2019Innovazione\u201c accompagnata dal logo della R.A.S.I. stessa;<\/p><p><strong>b) Realizzazione di brevi cortometraggi o videoclip di brani, inediti, anche con strumenti tecnologici innovativi;\u00a0<\/strong>file con il cortometraggio o videoclip contenente la frase \u201crealizzato con il sostegno di R.A.S.I. Rete Artisti Spettacolo per l\u2019Innovazione\u201c accompagnata dal logo della R.A.S.I. stessa;<\/p><p><strong>c) Formazione professionale anno 2022;<\/strong><\/p><p>documentazione relativa all\u2019attivit\u00e0 di formazione svolta con l\u2019eventuale elenco delle eventuali pubblicazioni, libri, riviste, cd, supporti audiovisivi e musicali, anche in formato digitale, con il relativo prezzo di acquisto.<\/p><p><strong>d) Realizzazione di self tape, showreel, book fotografici, siti web;<\/strong><\/p><p>file del self tape o showreel o estratto del book fotografico o indirizzo sito web contenenti la frase \u201crealizzato con il sostegno di R.A.S.I. Rete Artisti Spettacolo per l\u2019Innovazione\u201c accompagnata dal logo della R.A.S.I. stessa;<\/p><p><strong>Art.10<\/strong><\/p><p>PROMOZIONE<\/p><p>I beneficiari realizzano le attivit\u00e0 conformemente a quanto previsto nella richiesta ammessa a contributo. Sono ammissibili le variazioni progettuali, solo se autorizzate da R.A.S.I., che non alterano le condizioni che hanno dato luogo all\u2019assegnazione del contributo alla richiesta medesima.<\/p><p>I beneficiari sono obbligati ad inserire in tutto il materiale video e promozionale inerente alle attivit\u00e0 di cui all\u2019art.2 lettere A), B), D), del presente bando la frase \u201crealizzato con il contributo di R.A.S.I. Rete Artisti Spettacolo per l\u2019Innovazione\u201c accompagnata dal logo della R.A.S.I. stessa.<\/p><p>In accordo con ciascun beneficiario R.a.s.i. diffonder\u00e0 i prodotti artistici derivanti dal presente bando nell\u2019ambito dei propri strumenti promozionali disponibili per gli artisti rappresentati (sito, youtube ecc.).<\/p><p><strong>Articolo 11<\/strong><\/p><p>CONTROLLI E DECADENZA<\/p><p>I beneficiari hanno l&#8217;obbligo di utilizzare i contributi ricevuti a norma delle presenti disposizioni, esclusivamente per le iniziative per le quali sono stati concessi e di comunicare con email all\u2019indirizzo\u00a0<a href=\"mailto:serviziagliartisti@reteartistispettacolo.it\">serviziagliartisti@reteartistispettacolo.it<\/a>\u00a0il luogo, la data e l\u2019orario in cui viene realizzata l\u2019iniziativa oggetto del contributo con un preavviso di almeno 7 giorni e di trasmettere contemporaneamente a R.A.S.I un invito ad ingresso gratuito per l\u2019iniziativa sostenuta.<\/p><p>La R.A.S.I. cura il monitoraggio verificando la realizzazione o gli stati di avanzamento delle iniziative sostenute sia sotto il profilo amministrativo ed economico sia nel merito dell&#8217;efficacia dell&#8217;azione rispetto agli impegni assunti dai soggetti beneficiari ed ai benefici attesi, con la possibilit\u00e0 di richiedere chiarimenti ed integrazioni documentali.<\/p><p>Qualora non sia possibile la realizzazione o la continuazione dell\u2019attivit\u00e0 finanziata o si siano verificate variazioni interne all\u2019iniziativa, tali da modificarne sostanzialmente la natura rispetto a quella nota e concordata al momento della concessione e qualora venga accertato, all&#8217;esito della verifica della rendicontazione, l&#8217;uso non corretto dei fondi e servizi erogati o qualora emergano sostanziali discrepanze, omissioni e informazioni non veritiere nella richiesta e nei documenti prodotti dal richiedente, la R.A.S.I. dispone in qualsiasi momento l&#8217;interruzione del sostegno e richiede la restituzione delle eventuali somme gi\u00e0 versate.<\/p><p>Articolo12<\/p><p>ENTRATA IN VIGORE<\/p><p>Il presente regolamento entra in vigore il giorno successivo alla pubblicazione sul sito web della R.A.S.I. www.reteartistispettacolo.it.<\/p><p>Per eventuali informazioni e chiarimenti \u00e8 possibile telefonare al numero 06.94364413 dalle ore 09.30 alle ore 12.00 dal lunedi al venerdi escluso i giorni festivi.<\/p>\t\t\t\t\t\t\t\t<\/div>\n\t\t\t\t<\/div>\n\t\t\t\t\t<\/div>\n\t\t<\/div>\n\t\t\t\t\t<\/div>\n\t\t<\/section>\n\t\t\t\t<\/div>\n\t\t","protected":false},"excerpt":{"rendered":"<p>Promozione \/ Bandi conclusi Bando tematico L&#8217;ULTIMA GUERRA (DI CUI ALL\u2019ART.7 DELLA LEGGE N.93 DEL 5 FEBBRAIO 1992) Bando tematico per la PROMOZIONE delle attivit\u00e0 professionali degli artisti Scadenza 24.00 del giorno 15 aprile 2022 BANDO: L\u2019ULTIMA GUERRA Spunto tematico Mentre scriviamo queste righe la guerra \u00e8 in Europa, quasi nelle nostre case, col suo [&hellip;]<\/p>\n","protected":false},"author":1,"featured_media":0,"parent":0,"menu_order":0,"comment_status":"closed","ping_status":"closed","template":"","meta":{"footnotes":""},"class_list":["post-1464","page","type-page","status-publish","hentry"],"_links":{"self":[{"href":"https:\/\/www.reteartistispettacolo.it\/it\/wp-json\/wp\/v2\/pages\/1464","targetHints":{"allow":["GET"]}}],"collection":[{"href":"https:\/\/www.reteartistispettacolo.it\/it\/wp-json\/wp\/v2\/pages"}],"about":[{"href":"https:\/\/www.reteartistispettacolo.it\/it\/wp-json\/wp\/v2\/types\/page"}],"author":[{"embeddable":true,"href":"https:\/\/www.reteartistispettacolo.it\/it\/wp-json\/wp\/v2\/users\/1"}],"replies":[{"embeddable":true,"href":"https:\/\/www.reteartistispettacolo.it\/it\/wp-json\/wp\/v2\/comments?post=1464"}],"version-history":[{"count":4,"href":"https:\/\/www.reteartistispettacolo.it\/it\/wp-json\/wp\/v2\/pages\/1464\/revisions"}],"predecessor-version":[{"id":1468,"href":"https:\/\/www.reteartistispettacolo.it\/it\/wp-json\/wp\/v2\/pages\/1464\/revisions\/1468"}],"wp:attachment":[{"href":"https:\/\/www.reteartistispettacolo.it\/it\/wp-json\/wp\/v2\/media?parent=1464"}],"curies":[{"name":"wp","href":"https:\/\/api.w.org\/{rel}","templated":true}]}}