{"id":1434,"date":"2020-12-06T11:30:29","date_gmt":"2020-12-06T10:30:29","guid":{"rendered":"https:\/\/www.reteartistispettacolo.it\/?page_id=1434"},"modified":"2023-12-06T11:34:29","modified_gmt":"2023-12-06T10:34:29","slug":"bando-tematico-applausisu-la-testa","status":"publish","type":"page","link":"https:\/\/www.reteartistispettacolo.it\/it\/bando-tematico-applausisu-la-testa\/","title":{"rendered":"Bando tematico \u201cAPPLAUSI\u2026SU LA TESTA\u201d"},"content":{"rendered":"\t\t<div data-elementor-type=\"wp-page\" data-elementor-id=\"1434\" class=\"elementor elementor-1434\" data-elementor-settings=\"{&quot;ha_cmc_init_switcher&quot;:&quot;no&quot;}\" data-elementor-post-type=\"page\">\n\t\t\t\t\t\t<section class=\"elementor-section elementor-top-section elementor-element elementor-element-8eedbe6 elementor-section-height-min-height elementor-section-boxed elementor-section-height-default elementor-section-items-middle\" data-id=\"8eedbe6\" data-element_type=\"section\" data-e-type=\"section\" data-settings=\"{&quot;background_background&quot;:&quot;gradient&quot;,&quot;_ha_eqh_enable&quot;:false}\">\n\t\t\t\t\t\t\t<div class=\"elementor-background-overlay\"><\/div>\n\t\t\t\t\t\t\t<div class=\"elementor-container elementor-column-gap-default\">\n\t\t\t\t\t<div class=\"elementor-column elementor-col-100 elementor-top-column elementor-element elementor-element-271fd70\" data-id=\"271fd70\" data-element_type=\"column\" data-e-type=\"column\">\n\t\t\t<div class=\"elementor-widget-wrap elementor-element-populated\">\n\t\t\t\t\t\t<div class=\"elementor-element elementor-element-50207b8 elementor-widget elementor-widget-text-editor\" data-id=\"50207b8\" data-element_type=\"widget\" data-e-type=\"widget\" data-widget_type=\"text-editor.default\">\n\t\t\t\t<div class=\"elementor-widget-container\">\n\t\t\t\t\t\t\t\t\t<p>Promozione \/ Bandi conclusi<\/p>\t\t\t\t\t\t\t\t<\/div>\n\t\t\t\t<\/div>\n\t\t\t\t<div class=\"elementor-element elementor-element-bb0179b elementor-invisible elementor-widget elementor-widget-heading\" data-id=\"bb0179b\" data-element_type=\"widget\" data-e-type=\"widget\" data-settings=\"{&quot;_animation&quot;:&quot;fadeInUp&quot;}\" data-widget_type=\"heading.default\">\n\t\t\t\t<div class=\"elementor-widget-container\">\n\t\t\t\t\t<h1 class=\"elementor-heading-title elementor-size-default\">Bando tematico \"SU LA TESTA\"<\/h1>\t\t\t\t<\/div>\n\t\t\t\t<\/div>\n\t\t\t\t<div class=\"elementor-element elementor-element-d08e238 elementor-invisible elementor-widget elementor-widget-heading\" data-id=\"d08e238\" data-element_type=\"widget\" data-e-type=\"widget\" data-settings=\"{&quot;_animation&quot;:&quot;fadeInUp&quot;}\" data-widget_type=\"heading.default\">\n\t\t\t\t<div class=\"elementor-widget-container\">\n\t\t\t\t\t<p class=\"elementor-heading-title elementor-size-default\">(DI CUI ALL\u2019ART.7 DELLA LEGGE N.93 DEL 5 FEBBRAIO 1992)<\/p>\t\t\t\t<\/div>\n\t\t\t\t<\/div>\n\t\t\t\t<div class=\"elementor-element elementor-element-dfc330a elementor-invisible elementor-widget elementor-widget-heading\" data-id=\"dfc330a\" data-element_type=\"widget\" data-e-type=\"widget\" data-settings=\"{&quot;_animation&quot;:&quot;fadeInUp&quot;}\" data-widget_type=\"heading.default\">\n\t\t\t\t<div class=\"elementor-widget-container\">\n\t\t\t\t\t<p class=\"elementor-heading-title elementor-size-default\">Rete Artisti Spettacolo per l'Innovazione<\/p>\t\t\t\t<\/div>\n\t\t\t\t<\/div>\n\t\t\t\t\t<\/div>\n\t\t<\/div>\n\t\t\t\t\t<\/div>\n\t\t<\/section>\n\t\t\t\t<section class=\"elementor-section elementor-top-section elementor-element elementor-element-9c7e07d elementor-section-boxed elementor-section-height-default elementor-section-height-default\" data-id=\"9c7e07d\" data-element_type=\"section\" data-e-type=\"section\" data-settings=\"{&quot;background_background&quot;:&quot;classic&quot;,&quot;_ha_eqh_enable&quot;:false}\">\n\t\t\t\t\t\t<div class=\"elementor-container elementor-column-gap-default\">\n\t\t\t\t\t<div class=\"elementor-column elementor-col-100 elementor-top-column elementor-element elementor-element-2d8a2f6\" data-id=\"2d8a2f6\" data-element_type=\"column\" data-e-type=\"column\">\n\t\t\t<div class=\"elementor-widget-wrap elementor-element-populated\">\n\t\t\t\t\t\t<div class=\"elementor-element elementor-element-7a56269 elementor-widget elementor-widget-text-editor\" data-id=\"7a56269\" data-element_type=\"widget\" data-e-type=\"widget\" data-widget_type=\"text-editor.default\">\n\t\t\t\t<div class=\"elementor-widget-container\">\n\t\t\t\t\t\t\t\t\t<h2>BANDO TEMATICO PER LA PROMOZIONE DELLE ATTIVITA\u2019 PROFESSIONALI DEGLI ARTISTI<\/h2><p>(Di cui all&#8217;Art.7 della legge N.93 del 5 febbraio 1992)<\/p><h3>\u201cAPPLAUSI\u2026SU LA TESTA\u201d<em>\u00a0<\/em><\/h3><h2><em>PREMESSA<\/em><\/h2><p>Parallelamente alla ripresa delle attivit\u00e0 lo scopo del bando non poteva essere quello di distribuire a pioggia dei fondi agli artisti solo per assicurare loro la sopravvivenza nella difficilissima contingenza che si \u00e8 venuta a creare. Per questo ci sono altre tipologie di interventi. Questo atteggiamento sarebbe stato svilente della figura stessa di artista come produttore e creatore di cultura. Ci sono delle occasioni in questo susseguirsi di dolorosi accadimenti e gli artisti sono chiamati, come in tutte le epoche analoghe, a farsene interpreti ed a concretizzarle. D\u2019altro canto, la necessit\u00e0 di esprimersi di un artista non pu\u00f2 essere slegata dall\u2019ovvia aspirazione di vivere del proprio lavoro. Distribuire dei fondi a pioggia per la semplice sussistenza non corrisponde alla nostra idea di artista e del ruolo che svolgiamo di re-distributori di risorse che sono gi\u00e0 degli artisti. \u00c8 necessario far percepire come fondamentale e non sussidiario il ruolo dell\u2019artista nella societ\u00e0 civile e non c\u2019\u00e8 altro mezzo che sostenere gli artisti nella loro formazione e nella realizzazione delle loro opere. All\u2019artista non servono regalie ma la possibilit\u00e0 di mostrare visioni del passato prossimo e del presente tese verso il futuro. R.a.s.i. sceglie, quindi, dopo aver sostenuto gli artisti nel periodo dell\u2019emergenza, di rinforzare la ripresa delle attivit\u00e0 professionali ed investire sul futuro tentando di essere un volano virtuoso. Sceglie di supportare gli artisti contribuendo attivamente all\u2019arricchimento costante delle conoscenze e delle competenze indispensabili per la crescita professionale e per il potenziamento delle opportunit\u00e0 di sviluppo e di consolidamento delle carriere, in linea con la libera espressione dei talenti e con l\u2019evoluzione del settore e del mondo del lavoro.<em>\u00a0<\/em><em>\u00a0<\/em><\/p><h2><em>Art.1<\/em><\/h2><h2><em>OGGETTO<\/em><\/h2><p>Il presente bando adottato in base al \u201cRegolamento per le attivit\u00e0 di promozione e patrocinio\u201d approvato dall\u2019assemblea dei soci R.A.S.I., disciplina i criteri e le modalit\u00e0 di partecipazione, assegnazione ed erogazione delle risorse finanziarie nonch\u00e9 le procedure per il monitoraggio e la rendicontazione finalizzati alla realizzazione delle attivit\u00e0 di promozione di cui \u00a0all\u2019art.7 della Legge n.93 del 5 febbraio 1992 al fine di assicurare equit\u00e0 e trasparenza nonch\u00e9 il miglior impiego delle risorse destinate al conseguimento degli obiettivi.<em>\u00a0<\/em><\/p><h2><em>Art.2<\/em><\/h2><h2><em>ATTIVIT\u00c0 AMMISSIBILI E RISORSE<\/em><\/h2><p>La R.A.S.I. con il presente bando sostiene in particolare le seguenti attivit\u00e0:<\/p><p>A) Formazione professionale;<br \/>Attivit\u00e0 di preparazione per selezioni e provini, coaching per la preparazione di un ruolo, l\u2019iscrizione e la frequenza di percorsi di formazione, di aggiornamento e\/o riqualificazione delle competenze professionali, nonch\u00e9 di corsi di laurea e\/o post lauream e master, inerenti il profilo professionale. Il contributo nella misura massima del 10% sar\u00e0 spendibile per l\u2019acquisto di pubblicazioni, libri, riviste, cd, supporti audiovisivi e musicali, anche in formato digitale, comunque utili all&#8217;aggiornamento professionale; ingressi a rappresentazioni cinematografiche e dello spettacolo dal vivo, musei, mostre ed eventi culturali.<\/p><p>B) Attivit\u00e0 dello spettacolo dal vivo;<br \/>Produzione di progetti e spettacoli teatrali e concerti musicali, performances, monologhi ecc.<\/p><p>C) Realizzazione e produzione di CD, di brevi cortometraggi o videoclip anche con strumenti tecnologici innovativi;<br \/>Per breve cortometraggio si intende un\u2019opera cinematografica della durata massima di 7 minuti e per strumenti tecnologici innovativi s\u2019intendono smartphone, tablet ecc.<\/p><p>D) Organizzazione di eventi di spettacolo in live streaming o registrati;<\/p><p data-mce-word-list=\"1\">E) Realizzazione di self tape, showreel, book fotografici, siti web;<br \/>Il self tape \u00e8 un auto-provino che pu\u00f2 essere realizzato anche con il cellulare e pu\u00f2 essere inviato tramite link. Lo showreel \u00e8 uno strumento nel quale vengono riassunti, attraverso brevi spezzoni di filmati montati, tutti i punti pi\u00f9 significativi della carriera di un artista.<\/p><p>\u00a0<\/p><p>I richiedenti possono presentare una sola richiesta di contributo per la realizzazione di una sola delle attivit\u00e0 di cui ai punti precedenti A) B) C) D) E);<\/p><p>Gli artisti impegnati nel progetto devono essere soci e\/o mandanti di R.A.S.I..<\/p><p>La somma complessivamente stanziata per la realizzazione delle iniziative di cui al presente bando \u00e8 a valere sul Fondo Promozione R.A.S.I.<\/p><h2>Art.3<\/h2><h2>CARATTERISTICHE DEL SOSTEGNO FINANZIARIO<\/h2><p>La R.A.S.I. pu\u00f2 sostenere la realizzazione di ciascun evento con un contributo pari ad un importo fino ad euro 3000,00. Le attivit\u00e0 sostenute dovranno essere realizzate entro il 31 dicembre 2020.<\/p><p>Ciascun artista o struttura potr\u00e0 presentare una sola richiesta di contributo ai sensi del presente bando e percepire qualsiasi altro sostegno finanziario per le attivit\u00e0 in questione . Nel caso di presentazione di pi\u00f9 richieste rimane valida quella cronologicamente presentata per prima.<\/p><p>Gli artisti e le strutture sono liberi di realizzare le attivit\u00e0 come ritengono opportuno nella piena autonomia artistica.\u00a0<\/p><h2><em>Art.4<\/em><\/h2><h2><em>BENEFICIARI E REQUISITI<\/em><\/h2><p>Possono beneficiare dei sostegni di cui al presente bando gli artisti singoli aventi diritto soci e\/o mandanti di R.A.S.I.<\/p><p>Il mancato possesso di tale requisito comporter\u00e0 la non ammissibilit\u00e0 al contributo della proposta. La perdita del requisito intervenuta successivamente alla concessione ma prima del saldo, comporter\u00e0 la decadenza dal contributo concesso con conseguente recupero dell\u2019acconto eventualmente gi\u00e0 erogato.\u00a0<\/p><h2><em>Art.5<\/em><\/h2><h2><em>PRESENTAZIONE DELLA DOMANDA<\/em><\/h2><p>La richiesta, pena esclusione, per l\u2019ammissione al finanziamento deve essere presentata entro le ore\u00a0<strong>24.00 del giorno 04 luglio 2020<\/strong>.<br \/>La richiesta deve essere presentata accedendo al seguente link:\u00a0<a href=\"https:\/\/www.reteartistispettacolo.it\/it\/promozione\/bando-applausi-su-la-testa.html\">https:\/\/www.reteartistispettacolo.it\/it\/promozione\/bando-applausi-su-la-testa.html<\/a>, compilando il format ed inviandolo.<br \/>Al modulo devono essere allegati a) progetto b) copia del documento d\u2019identit\u00e0 del richiedente c) informativa sulla privacy vistata dall\u2019artista per accettazione.\u00a0<\/p><h2><em>Art.6<\/em><\/h2><h2><em>ISTRUTTORIA<\/em><\/h2><p>Le richieste pervenute sono sottoposte ad un\u2019istruttoria formale-amministrativa di ammissibilit\u00e0 volta a verificare il rispetto dei requisiti soggettivi e progettuali di partecipazione, delle modalit\u00e0 e dei termini di presentazione e la completezza della documentazione richiesta.<\/p><p>La carenza di qualsiasi elemento formale della domanda di partecipazione, potr\u00e0 essere regolarizzata mediante aiuto istruttorio. In tal caso, gli uffici R.A.S.I. provvederanno a trasmettere, apposita richiesta di regolarizzazione assegnando al soggetto proponente un termine non superiore a 10 giorni per provvedere. In caso di mancata o incompleta regolarizzazione entro il termine assegnato la richiesta \u00e8 dichiarata non ammissibile alla fase di valutazione e gli uffici R.A.S.I. provvederanno a comunicare la non ammissibilit\u00e0 all\u2019interessato.\u00a0\u00a0<\/p><h2><em>Art.7<\/em><\/h2><h2><em>VALUTAZIONE DELLA RICHIESTA<\/em><\/h2><p>Al termine della fase istruttoria il Consiglio di Amministrazione sentito il Comitato di Sorveglianza della R.a.s.i., composto da artisti, procede alla valutazione delle richieste ritenute ammissibili in base a criteri di qualit\u00e0 professionale artistica ed organizzativa attribuendo alle stesse un finanziamento proporzionale alla propria valutazione. Ai fini della valutazione dei progetti presentati si terr\u00e0 anche conto del numero di artisti rappresentati da R.a.s.i. coinvolti nel progetto.<\/p><h2><em>Art.8<\/em><\/h2><h2><em>ASSEGNAZIONE E COMUNICAZIONE DEI CONTRIBUTI<\/em><\/h2><p>Entro il giorno 25 luglio 2020 sar\u00e0 comunicato agli artisti l\u2019esito della richiesta ed il contributo assegnato al netto degli oneri fiscali e di legge. I beneficiari dovranno inviare a R.A.S.I. l\u2019accettazione del finanziamento e l\u2019impegno a svolgere la relativa attivit\u00e0 prevista. Qualora un richiedente rinunciasse allo svolgimento dell\u2019attivit\u00e0 i relativi fondi stanziati ritorneranno nella disponibilit\u00e0 del Fondo Promozione. La R.A.S.I. non assume alcuna responsabilit\u00e0 in merito all&#8217;organizzazione e allo svolgimento delle attivit\u00e0 per cui sono stati concessi i sostegni finanziari e per nessuna tipologia di sinistro e\/o rivendicazione di terzi relativi alle stesse.<\/p><h2><strong><em>Art.9<\/em><\/strong><\/h2><h2><em>EROGAZIONE E RENDICONTAZIONE<\/em><\/h2><p>L\u2019erogazione del contributo pu\u00f2 avvenire in un\u2019unica soluzione a rendiconto avvenuto o in due rate, secondo le modalit\u00e0 di seguito indicate:<\/p><p>a) un\u2019anticipazione, da richiedersi in sede di accettazione del finanziamento nella misura\u00a0 del 50% dell\u2019importo concesso.<\/p><p>b) una erogazione a saldo entro 30 giorni dalla conclusione del progetto oggetto del contributo previa la consegna della documentazione fiscale prevista dalla legge e di copia di tutto il materiale stampato, promozionale e pubblicitario realizzato a seguito del contributo riportante la frase \u201crealizzato con il sostegno di R.A.S.I. Rete Artisti Spettacolo per l\u2019Innovazione\u201c accompagnata dal logo della R.A.S.I. stessa<\/p><p>I beneficiari realizzano le attivit\u00e0 conformemente a quanto previsto nella richiesta ammessa a contributo. Sono ammissibili le variazioni progettuali, solo se autorizzate da R.A.S.I., che non alterano le condizioni che hanno dato luogo all\u2019assegnazione del contributo alla richiesta medesima.<\/p><p>I beneficiari sono obbligati ad inserire in tutto il materiale stampato, promozionale e pubblicitario realizzato a seguito del contributo la frase \u201crealizzato con il sostegno di R.A.S.I. Rete Artisti Spettacolo per l\u2019Innovazione\u201c accompagnata dal logo della R.A.S.I. stessa.<em>\u00a0<\/em><\/p><h2><em>Art.10<\/em><\/h2><h2><em>CONTROLLI E DECADENZA<\/em><\/h2><p>I beneficiari hanno l&#8217;obbligo di utilizzare i contributi ricevuti a norma delle presenti disposizioni, esclusivamente per le iniziative per le quali sono stati concessi, di comunicare con email all\u2019indirizzo\u00a0<a href=\"mailto:serviziagliartisti@reteartistispettacolo.it\">serviziagliartisti@reteartistispettacolo.it<\/a>\u00a0il luogo, la data e l\u2019orario dell\u2019iniziativa oggetto del contributo con un preavviso di almeno 7 giorni e di trasmettere contemporaneamente a R.A.S.I un invito ad ingresso gratuito allo stesso.<\/p><p>La R.A.S.I. cura il monitoraggio verificando la realizzazione o gli stati di avanzamento delle iniziative sostenute sia sotto il profilo amministrativo ed economico sia nel merito dell&#8217;efficacia dell&#8217;azione rispetto agli impegni assunti dai soggetti beneficiari ed ai benefici attesi, con la possibilit\u00e0 di richiedere chiarimenti ed integrazioni documentali.<\/p><p>Qualora non sia possibile la realizzazione o la continuazione dell\u2019attivit\u00e0 finanziata o si siano verificate variazioni interne all\u2019iniziativa, tali da modificarne sostanzialmente la natura rispetto a quella nota e concordata al momento della concessione e qualora venga accertato, all&#8217;esito della verifica della rendicontazione, l&#8217;uso non corretto dei fondi e servizi erogati o qualora emergano sostanziali discrepanze, omissioni e informazioni non veritiere nella richiesta e nei documenti prodotti dal richiedente, la R.A.S.I. dispone in qualsiasi momento l&#8217;interruzione del sostegno e richiede la restituzione delle eventuali somme gi\u00e0 versate.\u00a0<\/p><h2><em>Art.11<\/em><\/h2><h2><em>ENTRATA IN VIGORE<\/em><\/h2><p>Il presente regolamento entra in vigore il giorno successivo alla pubblicazione sul sito web della R.A.S.I.\u00a0<a href=\"http:\/\/www.reteartistispettacolo.it\/\">www.reteartistispettacolo.it<\/a>.<br \/>Per eventuali informazioni e chiarimenti \u00e8 possibile telefonare al numero 06.94359833 dalla ore 09.30 alle ore 12.00 dal lunedi al venerdi escluso giorni festivi.\u00a0<\/p>\t\t\t\t\t\t\t\t<\/div>\n\t\t\t\t<\/div>\n\t\t\t\t\t<\/div>\n\t\t<\/div>\n\t\t\t\t\t<\/div>\n\t\t<\/section>\n\t\t\t\t<\/div>\n\t\t","protected":false},"excerpt":{"rendered":"<p>Promozione \/ Bandi conclusi Bando tematico &#8220;SU LA TESTA&#8221; (DI CUI ALL\u2019ART.7 DELLA LEGGE N.93 DEL 5 FEBBRAIO 1992) Rete Artisti Spettacolo per l&#8217;Innovazione BANDO TEMATICO PER LA PROMOZIONE DELLE ATTIVITA\u2019 PROFESSIONALI DEGLI ARTISTI (Di cui all&#8217;Art.7 della legge N.93 del 5 febbraio 1992) \u201cAPPLAUSI\u2026SU LA TESTA\u201d\u00a0 PREMESSA Parallelamente alla ripresa delle attivit\u00e0 lo scopo [&hellip;]<\/p>\n","protected":false},"author":1,"featured_media":0,"parent":0,"menu_order":0,"comment_status":"closed","ping_status":"closed","template":"","meta":{"footnotes":""},"class_list":["post-1434","page","type-page","status-publish","hentry"],"_links":{"self":[{"href":"https:\/\/www.reteartistispettacolo.it\/it\/wp-json\/wp\/v2\/pages\/1434","targetHints":{"allow":["GET"]}}],"collection":[{"href":"https:\/\/www.reteartistispettacolo.it\/it\/wp-json\/wp\/v2\/pages"}],"about":[{"href":"https:\/\/www.reteartistispettacolo.it\/it\/wp-json\/wp\/v2\/types\/page"}],"author":[{"embeddable":true,"href":"https:\/\/www.reteartistispettacolo.it\/it\/wp-json\/wp\/v2\/users\/1"}],"replies":[{"embeddable":true,"href":"https:\/\/www.reteartistispettacolo.it\/it\/wp-json\/wp\/v2\/comments?post=1434"}],"version-history":[{"count":4,"href":"https:\/\/www.reteartistispettacolo.it\/it\/wp-json\/wp\/v2\/pages\/1434\/revisions"}],"predecessor-version":[{"id":1438,"href":"https:\/\/www.reteartistispettacolo.it\/it\/wp-json\/wp\/v2\/pages\/1434\/revisions\/1438"}],"wp:attachment":[{"href":"https:\/\/www.reteartistispettacolo.it\/it\/wp-json\/wp\/v2\/media?parent=1434"}],"curies":[{"name":"wp","href":"https:\/\/api.w.org\/{rel}","templated":true}]}}