{"id":1426,"date":"2019-07-15T11:25:59","date_gmt":"2019-07-15T09:25:59","guid":{"rendered":"https:\/\/www.reteartistispettacolo.it\/?page_id=1426"},"modified":"2023-12-06T11:30:06","modified_gmt":"2023-12-06T10:30:06","slug":"bando-tematico-buona-la-prima","status":"publish","type":"page","link":"https:\/\/www.reteartistispettacolo.it\/it\/bando-tematico-buona-la-prima\/","title":{"rendered":"Bando tematico &#8220;Buona la prima&#8221;"},"content":{"rendered":"\t\t<div data-elementor-type=\"wp-page\" data-elementor-id=\"1426\" class=\"elementor elementor-1426\" data-elementor-settings=\"{&quot;ha_cmc_init_switcher&quot;:&quot;no&quot;}\" data-elementor-post-type=\"page\">\n\t\t\t\t\t\t<section class=\"elementor-section elementor-top-section elementor-element elementor-element-8eedbe6 elementor-section-height-min-height elementor-section-boxed elementor-section-height-default elementor-section-items-middle\" data-id=\"8eedbe6\" data-element_type=\"section\" data-e-type=\"section\" data-settings=\"{&quot;background_background&quot;:&quot;gradient&quot;,&quot;_ha_eqh_enable&quot;:false}\">\n\t\t\t\t\t\t\t<div class=\"elementor-background-overlay\"><\/div>\n\t\t\t\t\t\t\t<div class=\"elementor-container elementor-column-gap-default\">\n\t\t\t\t\t<div class=\"elementor-column elementor-col-100 elementor-top-column elementor-element elementor-element-271fd70\" data-id=\"271fd70\" data-element_type=\"column\" data-e-type=\"column\">\n\t\t\t<div class=\"elementor-widget-wrap elementor-element-populated\">\n\t\t\t\t\t\t<div class=\"elementor-element elementor-element-50207b8 elementor-widget elementor-widget-text-editor\" data-id=\"50207b8\" data-element_type=\"widget\" data-e-type=\"widget\" data-widget_type=\"text-editor.default\">\n\t\t\t\t<div class=\"elementor-widget-container\">\n\t\t\t\t\t\t\t\t\t<p>Promozione \/ Bandi conclusi<\/p>\t\t\t\t\t\t\t\t<\/div>\n\t\t\t\t<\/div>\n\t\t\t\t<div class=\"elementor-element elementor-element-bb0179b elementor-invisible elementor-widget elementor-widget-heading\" data-id=\"bb0179b\" data-element_type=\"widget\" data-e-type=\"widget\" data-settings=\"{&quot;_animation&quot;:&quot;fadeInUp&quot;}\" data-widget_type=\"heading.default\">\n\t\t\t\t<div class=\"elementor-widget-container\">\n\t\t\t\t\t<h1 class=\"elementor-heading-title elementor-size-default\">Bando tematico BUONA LA PRIMA<\/h1>\t\t\t\t<\/div>\n\t\t\t\t<\/div>\n\t\t\t\t<div class=\"elementor-element elementor-element-d08e238 elementor-invisible elementor-widget elementor-widget-heading\" data-id=\"d08e238\" data-element_type=\"widget\" data-e-type=\"widget\" data-settings=\"{&quot;_animation&quot;:&quot;fadeInUp&quot;}\" data-widget_type=\"heading.default\">\n\t\t\t\t<div class=\"elementor-widget-container\">\n\t\t\t\t\t<p class=\"elementor-heading-title elementor-size-default\">(DI CUI ALL\u2019ART.7 DELLA LEGGE N.93 DEL 5 FEBBRAIO 1992)<\/p>\t\t\t\t<\/div>\n\t\t\t\t<\/div>\n\t\t\t\t<div class=\"elementor-element elementor-element-dfc330a elementor-invisible elementor-widget elementor-widget-heading\" data-id=\"dfc330a\" data-element_type=\"widget\" data-e-type=\"widget\" data-settings=\"{&quot;_animation&quot;:&quot;fadeInUp&quot;}\" data-widget_type=\"heading.default\">\n\t\t\t\t<div class=\"elementor-widget-container\">\n\t\t\t\t\t<p class=\"elementor-heading-title elementor-size-default\">Rete Artisti Spettacolo per l'Innovazione<\/p>\t\t\t\t<\/div>\n\t\t\t\t<\/div>\n\t\t\t\t\t<\/div>\n\t\t<\/div>\n\t\t\t\t\t<\/div>\n\t\t<\/section>\n\t\t\t\t<section class=\"elementor-section elementor-top-section elementor-element elementor-element-9c7e07d elementor-section-boxed elementor-section-height-default elementor-section-height-default\" data-id=\"9c7e07d\" data-element_type=\"section\" data-e-type=\"section\" data-settings=\"{&quot;background_background&quot;:&quot;classic&quot;,&quot;_ha_eqh_enable&quot;:false}\">\n\t\t\t\t\t\t<div class=\"elementor-container elementor-column-gap-default\">\n\t\t\t\t\t<div class=\"elementor-column elementor-col-100 elementor-top-column elementor-element elementor-element-2d8a2f6\" data-id=\"2d8a2f6\" data-element_type=\"column\" data-e-type=\"column\">\n\t\t\t<div class=\"elementor-widget-wrap elementor-element-populated\">\n\t\t\t\t\t\t<div class=\"elementor-element elementor-element-7a56269 elementor-widget elementor-widget-text-editor\" data-id=\"7a56269\" data-element_type=\"widget\" data-e-type=\"widget\" data-widget_type=\"text-editor.default\">\n\t\t\t\t<div class=\"elementor-widget-container\">\n\t\t\t\t\t\t\t\t\t<p>L\u2019ASSEMBLEA DEI SOCI DELLA RETE ARTISTI SPETTACOLO PER L\u2019INNOVAZIONE<\/p><p>Premesso che<\/p><p>-in data 20 marzo 2019 l\u2019Assemblea dei soci della Rete Artisti Spettacolo per l\u2019Innovazione in accordo con il Comitato di Sorveglianza ha approvato il \u201cRegolamento per le attivit\u00e0 di promozione e patrocinio\u201d;<\/p><p>-tale regolamento all\u2019Art. 4 \u201cSettori di intervento\u201d prevede che la R.A.S.I. realizzi la propria attivit\u00e0 tramite bandi esclusivamente nei settori ammessi di cui all\u2019art.7 della Legge n.93 del 5 febbraio 1992 ed agli articoli 16 e 19 del Decreto Legislativo n.35 del 15 marzo 2017;<\/p><p>-lo stesso regolamento prevede che in riferimento all\u2019art.7 della Legge n.93 del 5 febbraio 1992 la R.A.S.I. utilizzi la quota di cui all\u2019art.71 octies, comma 3 della Legge 22 aprile 1941 n.633 per le attivit\u00e0 di studio e di ricerca nonch\u00e9 per i fini di promozione, di formazione e di sostegno professionale degli artisti interpreti esecutori;<\/p><p>-con lo stesso regolamento \u00e8 stato costituito il \u201cFondo Promozione\u201d destinato a finanziare i bandi relativi alle attivit\u00e0 di studio e di ricerca\u00a0 nonch\u00e9 per i fini di promozione, di formazione e di sostegno professionale degli artisti interpreti esecutori di cui all\u2019art.7 della Legge n.93 del 5 febbraio 1992;<\/p><p>&#8211; il presente \u00e8 redatto in base a quanto previsto dall\u2019art.8 del \u201cRegolamento per le attivit\u00e0 di promozione e patrocinio\u201d in materia di bandi;<\/p><p>&#8211; che il Comitato di Sorveglianza, composto da artisti, nella seduta del 28 \/06\/2019 ha richiesto l\u2019emanazione di un bando tematico che prevedesse la possibilit\u00e0 per gli artisti interpreti esecutori rappresentati da Rasi di realizzare attivit\u00e0 dello spettacolo dal vivo;<\/p><p>\u00a0<\/p><p>delibera di emanare il seguente Bando tematico settore Video dal titolo<\/p><p>\u201cBUONA LA PRIMA\u201d<\/p><p>in base all\u2019art.7 della Legge n.93 del 5 febbraio 1992<\/p><p>\u00a0<\/p><p><em>Art.1<\/em><\/p><p><em>OGGETTO<\/em><\/p><p>Il presente bando adottato in base al \u201cRegolamento per le attivit\u00e0 di promozione e patrocinio\u201d approvato dall\u2019assemblea dei soci R.A.S.I. in data 20 marzo 2019, disciplina i criteri e le modalit\u00e0 di partecipazione, assegnazione ed erogazione delle risorse finanziarie nonch\u00e9 le procedure per il monitoraggio e la rendicontazione finalizzati alla realizzazione delle attivit\u00e0 di promozione di cui \u00a0all\u2019art.7 della Legge n.93 del 5 febbraio 1992 al fine di assicurare equit\u00e0 e trasparenza nonch\u00e9 il miglior impiego delle risorse destinate al conseguimento degli obiettivi.<\/p><p><em>\u00a0<\/em><\/p><p><em>Art.2<\/em><\/p><p><em>ATTIVITA\u2019 AMMISSIBILI E RISORSE<\/em><\/p><p>La R.A.S.I. con il presente bando sostiene in particolare le \u201cprime esibizioni &#8211; debutti\u201d di attivit\u00e0 dello spettacolo dal vivo (spettacoli teatrali, performances ecc.)<\/p><p>I richiedenti possono presentare una sola richiesta di finanziamento per la realizzazione dell\u2019attivit\u00e0 di cui al punto precedente;<\/p><p>La somma complessivamente stanziata per la realizzazione delle iniziative di cui al presente bando \u00e8 pari ad euro 50.000,00 a valere sul Fondo Promozione R.A.S.I. I sostegni finanziari di cui al presente bando saranno stanziati fino ad esaurimento di tali risorse.<\/p><p><em>\u00a0<\/em><\/p><p><em>Art.3<\/em><\/p><p><em>CARATTERISTICHE DEL SOSTEGNO FINANZIARIO<\/em><\/p><p>La R.A.S.I. pu\u00f2 sostenere la realizzazione di ciascun evento con un contributo generalmente pari ad un importo fino ad euro 2500,00. Le attivit\u00e0 sostenute dovranno essere realizzate entro il 31 dicembre 2019.<\/p><p>Ciascun artista o struttura potr\u00e0 presentare una sola richiesta di contributo ai sensi del presente bando e percepire qualsiasi altro sostegno finanziario per le attivit\u00e0 in questione . Nel caso di presentazione di pi\u00f9 richieste rimane valida quella cronologicamente presentata per prima.<\/p><p>Gli artisti e le strutture sono liberi di realizzare le attivit\u00e0 come ritengono opportuno nella piena autonomia artistica.<\/p><p>\u00a0<\/p><p><em>Art.4<\/em><\/p><p><em>BENEFICIARI E REQUISITI<\/em><\/p><p>Possono beneficiare dei sostegni di cui al presente bando gli artisti singoli aventi diritto soci e\/o mandanti di R.A.S.I e organismi senza scopo di lucro che abbiano nella propria compagine sociale almeno un artista rappresentato da Rasi entrambi al momento della presentazione della richiesta e fino all\u2019erogazione del saldo del beneficio finanziario.<\/p><p>Non possono presentare richiesta di contributo in base al bando i componenti degli organi sociali di R.a.s.i. e coloro in conflitto di interesse rispetto all\u2019assegnazione di fondi ex art. 7 Legge 93\/92 o di qualunque altro sostegno previsto da RASI sia come artisti singoli che in qualit\u00e0 di rappresentanti legali di organismi senza scopo di lucro.<\/p><p>Il mancato possesso anche di uno solo dei requisiti di cui al presente bando comporter\u00e0 la non ammissibilit\u00e0 al contributo della proposta. La perdita del requisito intervenuta successivamente alla concessione ma prima del saldo, comporter\u00e0 la decadenza dal contributo concesso con conseguente recupero dell\u2019acconto eventualmente gi\u00e0 erogato.<\/p><p>\u00a0<\/p><p><em>Art.5<\/em><\/p><p><em>PRESENTAZIONE DELLA DOMANDA<\/em><\/p><p>La richiesta, pena esclusione, per l\u2019ammissione al finanziamento deve essere presentata entro le ore\u00a0<strong>24.00 del giorno 5 settembre 2019<\/strong>\u00a0utilizzando il modulo allegato al presente bando sottoscritto dall\u2019artista interessato.<\/p><p>Al modulo devono essere allegati a) progetto b) copia del documento d\u2019identit\u00e0 del richiedente c) informativa sulla privacy vistata dall\u2019artista per accettazione.<\/p><p>La richiesta dovr\u00e0 essere presentata accedendo al seguente link:\u00a0<a href=\"https:\/\/www.reteartistispettacolo.it\/promozione\/bando-tematico-per-la-promozione-delle-attivita-professionali-degli-artisti.html\">https:\/\/www.reteartistispettacolo.it\/promozione\/bando-tematico-per-la-promozione-delle-attivita-professionali-degli-artisti.html<\/a><\/p><p>\u00a0<\/p><p>\u00a0<\/p><p><em>Art.6<\/em><\/p><p><em>ISTRUTTORIA<\/em><\/p><p>Le richieste pervenute sono sottoposte ad un\u2019istruttoria formale-amministrativa di ammissibilit\u00e0 volta a verificare il rispetto dei requisiti soggettivi e progettuali di partecipazione, delle modalit\u00e0 e dei termini di presentazione e la completezza della documentazione richiesta.<\/p><p>La carenza di qualsiasi elemento formale della domanda di partecipazione, potr\u00e0 essere regolarizzata mediante aiuto istruttorio. In tal caso, gli uffici R.A.S.I. provvederanno a trasmettere, apposita richiesta di regolarizzazione assegnando al soggetto proponente un termine non superiore a 10 giorni per provvedere. In caso di mancata o incompleta regolarizzazione entro il termine assegnato la richiesta \u00e8 dichiarata non ammissibile alla fase di valutazione e gli uffici R.A.S.I. provvederanno a comunicare la non ammissibilit\u00e0 all\u2019interessato.<\/p><p>\u00a0<\/p><p><em>Art.7<\/em><\/p><p><em>VALUTAZIONE DELLA RICHIESTA<\/em><\/p><p>Al termine della fase istruttoria il Comitato di Sorveglianza della R.a.s.i., composto da artisti, procede alla valutazione delle richieste ritenute ammissibili in base a criteri di qualit\u00e0 professionale artistica ed organizzativa attribuendo alle stesse un finanziamento proporzionale alla propria valutazione. Ai fini della valutazione dei progetti presentati si terr\u00e0 anche conto del numero di artisti rappresentati da R.a.s.i. coinvolti nel progetto, sia, per gli organismi senza scopo di lucro, componenti della compagine sociale.<\/p><p><em>Art.8<\/em><\/p><p><em>ASSEGNAZIONE E COMUNICAZIONE DEI CONTRIBUTI<\/em><\/p><p>Entro il giorno 20 settembre 2019 sar\u00e0 comunicato agli artisti l\u2019esito della richiesta ed il contributo assegnato al netto degli oneri fiscali e di legge. I beneficiari dovranno inviare a R.A.S.I. l\u2019accettazione del finanziamento e l\u2019impegno a svolgere la relativa attivit\u00e0 prevista. Qualora un richiedente rinunciasse allo svolgimento dell\u2019attivit\u00e0 i relativi fondi stanziati ritorneranno nella disponibilit\u00e0 del Fondo Promozione.<\/p><p>La R.A.S.I. non assume alcuna responsabilit\u00e0 in merito all&#8217;organizzazione e allo svolgimento delle attivit\u00e0 per cui sono stati concessi i sostegni finanziari e per nessuna tipologia di sinistro e\/o rivendicazione di terzi relativi alle stesse.<\/p><p><strong><em>Art.9<\/em><\/strong><\/p><p><em>EROGAZIONE E RENDICONTAZIONE<\/em><\/p><p>L\u2019erogazione del sostegno pu\u00f2 avvenire in un\u2019unica soluzione a rendiconto avvenuto o in due rate, secondo le modalit\u00e0 di seguito indicate:<\/p><ol><li><p>a) un\u2019anticipazione, da richiedersi in sede di accettazione del finanziamento nella misura del 50% dell\u2019importo concesso.<\/p><\/li><li><p>b) una erogazione a saldo entro 30 giorni dalla conclusione del progetto oggetto del contributo previa la consegna della documentazione fiscale prevista dalla legge e di copia di tutto il materiale stampato, promozionale e pubblicitario realizzato a seguito del contributo riportante la frase \u201crealizzato con il sostegno di R.A.S.I. Rete Artisti Spettacolo per l\u2019Innovazione\u201c accompagnata dal logo della R.A.S.I. stessa<\/p><\/li><\/ol><p>I beneficiari realizzano le attivit\u00e0 conformemente a quanto previsto nella richiesta ammessa a contributo. Sono ammissibili le variazioni progettuali, solo se autorizzate da R.A.S.I., che non alterano le condizioni che hanno dato luogo all\u2019assegnazione del contributo alla richiesta medesima.<\/p><p>I beneficiari sono obbligati ad inserire in tutto il materiale stampato, promozionale e pubblicitario realizzato a seguito del contributo la frase \u201crealizzato con il sostegno di R.A.S.I. Rete Artisti Spettacolo per l\u2019Innovazione\u201c accompagnata dal logo della R.A.S.I. stessa.<\/p><p>\u00a0<\/p><p><em>Art.10<\/em><\/p><p><em>CONTROLLI E DECADENZA<\/em><\/p><p>I beneficiari hanno l&#8217;obbligo di utilizzare i contributi ricevuti a norma delle presenti disposizioni, esclusivamente per le iniziative per le quali sono stati concessi, di comunicare con email all\u2019indirizzo\u00a0<a href=\"mailto:serviziagliartisti@reteartistispettacolo.it\">serviziagliartisti@reteartistispettacolo.it<\/a>\u00a0il luogo, la data e l\u2019orario del debutto con un preavviso di almeno 7 giorni e di trasmettere contemporaneamente a R.A.S.I un invito ad ingresso gratuito allo stesso.<\/p><p>La R.A.S.I. cura il monitoraggio verificando la realizzazione o gli stati di avanzamento delle iniziative sostenute sia sotto il profilo amministrativo ed economico sia nel merito dell&#8217;efficacia dell&#8217;azione rispetto agli impegni assunti dai soggetti beneficiari ed ai benefici attesi, con la possibilit\u00e0 di richiedere chiarimenti ed integrazioni documentali.<\/p><p>Qualora non sia possibile la realizzazione o la continuazione dell\u2019attivit\u00e0 finanziata o si siano verificate variazioni interne all\u2019 iniziativa, tali da modificarne sostanzialmente la natura rispetto a quella nota e concordata al momento della concessione e qualora venga accertato, all&#8217;esito della verifica della rendicontazione, l&#8217;uso non corretto dei fondi e servizi erogati o qualora emergano sostanziali discrepanze, omissioni e informazioni non veritiere nella richiesta e nei documenti prodotti dal richiedente, la R.A.S.I. dispone in qualsiasi momento l&#8217;interruzione del sostegno e richiede la restituzione delle eventuali somme gi\u00e0 versate.<\/p><p>\u00a0<\/p><p><em>Art.11<\/em><\/p><p><em>ENTRATA IN VIGORE<\/em><\/p><p>Il presente regolamento entra in vigore il giorno successivo alla pubblicazione sul sito web della R.A.S.I.\u00a0<a href=\"http:\/\/www.reteartistispettacolo.it\/\">www.reteartistispettacolo.it<\/a>. Per eventuali informazioni e chiarimento \u00e8 possibile telefonare al numero 06.94359833 dalla ore 09.30 alle ore 12.00 dal lunedi al venerdi escluso giorni festivi.<\/p><p>\u00a0<\/p><p>Bando Tematico N.2 DEL\u00a0 15 luglio 2019<\/p>\t\t\t\t\t\t\t\t<\/div>\n\t\t\t\t<\/div>\n\t\t\t\t\t<\/div>\n\t\t<\/div>\n\t\t\t\t\t<\/div>\n\t\t<\/section>\n\t\t\t\t<\/div>\n\t\t","protected":false},"excerpt":{"rendered":"<p>Promozione \/ Bandi conclusi Bando tematico BUONA LA PRIMA (DI CUI ALL\u2019ART.7 DELLA LEGGE N.93 DEL 5 FEBBRAIO 1992) Rete Artisti Spettacolo per l&#8217;Innovazione L\u2019ASSEMBLEA DEI SOCI DELLA RETE ARTISTI SPETTACOLO PER L\u2019INNOVAZIONE Premesso che -in data 20 marzo 2019 l\u2019Assemblea dei soci della Rete Artisti Spettacolo per l\u2019Innovazione in accordo con il Comitato di [&hellip;]<\/p>\n","protected":false},"author":1,"featured_media":0,"parent":0,"menu_order":0,"comment_status":"closed","ping_status":"closed","template":"","meta":{"footnotes":""},"class_list":["post-1426","page","type-page","status-publish","hentry"],"_links":{"self":[{"href":"https:\/\/www.reteartistispettacolo.it\/it\/wp-json\/wp\/v2\/pages\/1426","targetHints":{"allow":["GET"]}}],"collection":[{"href":"https:\/\/www.reteartistispettacolo.it\/it\/wp-json\/wp\/v2\/pages"}],"about":[{"href":"https:\/\/www.reteartistispettacolo.it\/it\/wp-json\/wp\/v2\/types\/page"}],"author":[{"embeddable":true,"href":"https:\/\/www.reteartistispettacolo.it\/it\/wp-json\/wp\/v2\/users\/1"}],"replies":[{"embeddable":true,"href":"https:\/\/www.reteartistispettacolo.it\/it\/wp-json\/wp\/v2\/comments?post=1426"}],"version-history":[{"count":7,"href":"https:\/\/www.reteartistispettacolo.it\/it\/wp-json\/wp\/v2\/pages\/1426\/revisions"}],"predecessor-version":[{"id":1433,"href":"https:\/\/www.reteartistispettacolo.it\/it\/wp-json\/wp\/v2\/pages\/1426\/revisions\/1433"}],"wp:attachment":[{"href":"https:\/\/www.reteartistispettacolo.it\/it\/wp-json\/wp\/v2\/media?parent=1426"}],"curies":[{"name":"wp","href":"https:\/\/api.w.org\/{rel}","templated":true}]}}