{"id":1416,"date":"2019-05-08T10:54:42","date_gmt":"2019-05-08T08:54:42","guid":{"rendered":"https:\/\/www.reteartistispettacolo.it\/?page_id=1416"},"modified":"2023-12-06T11:27:23","modified_gmt":"2023-12-06T10:27:23","slug":"bando-tematico-per-la-promozione-delle-attivita-professionali-degli-artisti","status":"publish","type":"page","link":"https:\/\/www.reteartistispettacolo.it\/it\/bando-tematico-per-la-promozione-delle-attivita-professionali-degli-artisti\/","title":{"rendered":"Bando tematico per la PROMOZIONE delle attivit\u00e0 professionali degli artisti"},"content":{"rendered":"\t\t<div data-elementor-type=\"wp-page\" data-elementor-id=\"1416\" class=\"elementor elementor-1416\" data-elementor-settings=\"{&quot;ha_cmc_init_switcher&quot;:&quot;no&quot;}\" data-elementor-post-type=\"page\">\n\t\t\t\t\t\t<section class=\"elementor-section elementor-top-section elementor-element elementor-element-8eedbe6 elementor-section-height-min-height elementor-section-boxed elementor-section-height-default elementor-section-items-middle\" data-id=\"8eedbe6\" data-element_type=\"section\" data-e-type=\"section\" data-settings=\"{&quot;background_background&quot;:&quot;gradient&quot;,&quot;_ha_eqh_enable&quot;:false}\">\n\t\t\t\t\t\t\t<div class=\"elementor-background-overlay\"><\/div>\n\t\t\t\t\t\t\t<div class=\"elementor-container elementor-column-gap-default\">\n\t\t\t\t\t<div class=\"elementor-column elementor-col-100 elementor-top-column elementor-element elementor-element-271fd70\" data-id=\"271fd70\" data-element_type=\"column\" data-e-type=\"column\">\n\t\t\t<div class=\"elementor-widget-wrap elementor-element-populated\">\n\t\t\t\t\t\t<div class=\"elementor-element elementor-element-50207b8 elementor-widget elementor-widget-text-editor\" data-id=\"50207b8\" data-element_type=\"widget\" data-e-type=\"widget\" data-widget_type=\"text-editor.default\">\n\t\t\t\t<div class=\"elementor-widget-container\">\n\t\t\t\t\t\t\t\t\t<p>Promozione \/ Bandi conclusi<\/p>\t\t\t\t\t\t\t\t<\/div>\n\t\t\t\t<\/div>\n\t\t\t\t<div class=\"elementor-element elementor-element-bb0179b elementor-invisible elementor-widget elementor-widget-heading\" data-id=\"bb0179b\" data-element_type=\"widget\" data-e-type=\"widget\" data-settings=\"{&quot;_animation&quot;:&quot;fadeInUp&quot;}\" data-widget_type=\"heading.default\">\n\t\t\t\t<div class=\"elementor-widget-container\">\n\t\t\t\t\t<h1 class=\"elementor-heading-title elementor-size-default\">Bando tematico per la\nPROMOZIONE\ndelle attivit\u00e0 professionali degli artisti<\/h1>\t\t\t\t<\/div>\n\t\t\t\t<\/div>\n\t\t\t\t<div class=\"elementor-element elementor-element-d08e238 elementor-invisible elementor-widget elementor-widget-heading\" data-id=\"d08e238\" data-element_type=\"widget\" data-e-type=\"widget\" data-settings=\"{&quot;_animation&quot;:&quot;fadeInUp&quot;}\" data-widget_type=\"heading.default\">\n\t\t\t\t<div class=\"elementor-widget-container\">\n\t\t\t\t\t<p class=\"elementor-heading-title elementor-size-default\">(DI CUI ALL\u2019ART.7 DELLA LEGGE N.93 DEL 5 FEBBRAIO 1992)<\/p>\t\t\t\t<\/div>\n\t\t\t\t<\/div>\n\t\t\t\t<div class=\"elementor-element elementor-element-dfc330a elementor-invisible elementor-widget elementor-widget-heading\" data-id=\"dfc330a\" data-element_type=\"widget\" data-e-type=\"widget\" data-settings=\"{&quot;_animation&quot;:&quot;fadeInUp&quot;}\" data-widget_type=\"heading.default\">\n\t\t\t\t<div class=\"elementor-widget-container\">\n\t\t\t\t\t<p class=\"elementor-heading-title elementor-size-default\">Rete Artisti Spettacolo per l'Innovazione<\/p>\t\t\t\t<\/div>\n\t\t\t\t<\/div>\n\t\t\t\t\t<\/div>\n\t\t<\/div>\n\t\t\t\t\t<\/div>\n\t\t<\/section>\n\t\t\t\t<section class=\"elementor-section elementor-top-section elementor-element elementor-element-9c7e07d elementor-section-boxed elementor-section-height-default elementor-section-height-default\" data-id=\"9c7e07d\" data-element_type=\"section\" data-e-type=\"section\" data-settings=\"{&quot;background_background&quot;:&quot;classic&quot;,&quot;_ha_eqh_enable&quot;:false}\">\n\t\t\t\t\t\t<div class=\"elementor-container elementor-column-gap-default\">\n\t\t\t\t\t<div class=\"elementor-column elementor-col-100 elementor-top-column elementor-element elementor-element-2d8a2f6\" data-id=\"2d8a2f6\" data-element_type=\"column\" data-e-type=\"column\">\n\t\t\t<div class=\"elementor-widget-wrap elementor-element-populated\">\n\t\t\t\t\t\t<div class=\"elementor-element elementor-element-7a56269 elementor-widget elementor-widget-text-editor\" data-id=\"7a56269\" data-element_type=\"widget\" data-e-type=\"widget\" data-widget_type=\"text-editor.default\">\n\t\t\t\t<div class=\"elementor-widget-container\">\n\t\t\t\t\t\t\t\t\t<p>L\u2019ASSEMBLEA DEI SOCI DELLA RETE ARTISTI SPETTACOLO PER L\u2019INNOVAZIONE<\/p><p>Premesso che<\/p><p>-in data 20 marzo 2019 l\u2019Assemblea dei soci della Rete Artisti Spettacolo per l\u2019Innovazione in accordo con il Comitato di Sorveglianza ha approvato il \u201cRegolamento per le attivit\u00e0 di promozione e patrocinio\u201d;<\/p><p>-tale regolamento all\u2019Art. 4 \u201cSettori di intervento\u201d prevede che la R.A.S.I. realizzi la propria attivit\u00e0 tramite bandi esclusivamente nei settori ammessi di cui all\u2019art.7 della Legge n.93 del 5 febbraio 1992 ed agli articoli 16 e 19 del Decreto Legislativo n.35 del 15 marzo 2017;<\/p><p>-lo stesso regolamento prevede che in riferimento all\u2019art.7 della Legge n.93 del 5 febbraio 1992 la R.A.S.I. utilizzi la quota di cui all\u2019art.71 octies, comma 3 della Legge 22 aprile 1941 n.633 per le attivit\u00e0 di studio e di ricerca nonch\u00e9 per i fini di promozione, di formazione e di sostegno professionale degli artisti interpreti esecutori;<\/p><p>-con lo stesso regolamento \u00e8 stato costituito il \u201cFondo Promozione\u201d destinato a finanziare i bandi relativi alle attivit\u00e0 di studio e di ricerca\u00a0 nonch\u00e9 per i fini di promozione, di formazione e di sostegno professionale degli artisti interpreti esecutori di cui all\u2019art.7 della Legge n.93 del 5 febbraio 1992;<\/p><p>&#8211; il presente \u00e8 redatto in base a quanto previsto dall\u2019art.8 del \u201cRegolamento per le attivit\u00e0 di promozione e patrocinio\u201d in materia di bandi;<\/p><p>&#8211; che il Comitato di Sorveglianza, composto da artisti, nella seduta del 23 novembre 2018 ha richiesto che il primo bando tematico prevedesse la possibilit\u00e0 per gli artisti interpreti esecutori rappresentati da Rasi di realizzare alternativamente brevi cortometraggi con strumenti tecnologici innovativi (ad esempio smartphone) o strumenti di sostegno alla professione quali self tape o showreel;<\/p><p>delibera di emanare il seguente Bando tematico settore Video in base all\u2019art.7 della Legge n.93 del 5 febbraio 1992<\/p><p><em>Art.1<\/em><\/p><p><em>OGGETTO<\/em><\/p><p>Il presente bando adottato in base al \u201cRegolamento per le attivit\u00e0 di promozione e patrocinio\u201d approvato dall\u2019assemblea dei soci R.A.S.I. in data 20 marzo 2019, disciplina i criteri e le modalit\u00e0 di partecipazione, assegnazione ed erogazione delle risorse finanziarie nonch\u00e9 le procedure per il monitoraggio e la rendicontazione finalizzati alla realizzazione delle attivit\u00e0 di promozione di cui\u00a0 all\u2019art.7 della Legge n.93 del 5 febbraio 1992 al fine di assicurare equit\u00e0 e trasparenza nonch\u00e9 il miglior impiego delle risorse destinate al conseguimento degli obiettivi.<\/p><p><em>\u00a0<\/em><\/p><p><em>Art.2<\/em><\/p><p><em>ATTIVITA\u2019 AMMISSIBILI E RISORSE<\/em><\/p><p>La R.A.S.I. con il presente bando sostiene in particolare le seguenti attivit\u00e0:<\/p><p data-mce-word-list=\"1\"><span data-mce-word-list=\"1\">a)\u00a0\u00a0\u00a0\u00a0\u00a0<\/span>Sostegno contributo alla realizzazione di brevi cortometraggi con strumenti tecnologici innovativi<\/p><p>Per breve\u00a0<strong>cortometraggio<\/strong>\u00a0si intende un\u2019opera cinematografica della durata massima di 7 minuti e per strumenti tecnologici innovativi s\u2019intendono smartphone, tablet ecc.<\/p><p data-mce-word-list=\"1\"><span data-mce-word-list=\"1\">b)\u00a0\u00a0\u00a0\u00a0\u00a0<\/span>Sostegno finanziamento alla realizzazione di self tape e showreel;<\/p><p>Il self tape \u00e8 un auto-provino che pu\u00f2 essere realizzato anche con il cellulare e pu\u00f2 essere inviato tramite link. Lo\u00a0<strong>showreel<\/strong>\u00a0\u00e8 uno strumento nel quale vengono riassunti, attraverso brevi spezzoni di filmati montati, tutti i punti pi\u00f9 significativi della carriera di un artista.<\/p><p>I richiedenti possono presentare una sola richiesta di finanziamento per la realizzazione dell\u2019attivit\u00e0 di cui al punto a) o in alternativa del punto b);<\/p><p>La somma complessivamente stanziate per la realizzazione delle iniziative di cui al presente bando \u00e8 pari ad euro 50.000,00 a valere sul Fondo Promozione R.A.S.I. I sostegni finanziari di cui al presente bando saranno stanziati fino ad esaurimento di tali risorse.<\/p><p><em>\u00a0<\/em><\/p><p><em>Art.3<\/em><\/p><p><em>CARATTERISTICHE DEL SOSTEGNO FINANZIARIO<\/em><\/p><p>La R.A.S.I. pu\u00f2 sostenere la realizzazione di ciascun breve cortometraggio prodotto con strumenti tecnologici innovativi (art. 2 comma a) con un contributo generalmente pari ad un importo fino ad euro 700,00 e la realizzazione di ciascun self tape o showreel (art.2 comma b) con un finanziamento generalmente pari ad un importo fino a euro 200,00.<\/p><p>Le attivit\u00e0 sostenute dovranno essere realizzate entro quattro mesi dalla data di comunicazione del contributo\/finanziamento assegnato.<\/p><p>Ciascun artista potr\u00e0 presentare una sola richiesta di contributo o finanziamento ai sensi del presente bando e percepire qualsiasi altro sostegno finanziario per le attivit\u00e0 in questione . Nel caso di presentazione di pi\u00f9 richieste rimane valida quella cronologicamente presentata per prima.<\/p><p>Gli artisti sono liberi di realizzare le attivit\u00e0 come ritengono opportuno nella piena autonomia artistica.<\/p><p><em>Art.4<\/em><\/p><p><em>BENEFICIARI E REQUISITI<\/em><\/p><p>Possono beneficiare dei sostegni di cui al presente bando gli artisti aventi diritto soci e\/o mandanti di R.A.S.I al momento della presentazione della richiesta e fino all\u2019erogazione del saldo del beneficio finanziario.<\/p><p>Non possono accedere ai finanziamenti del bando i componenti degli organi sociali di R.a.s.i. e coloro in conflitto di interesse rispetto all\u2019assegnazione di fondi ex art. 7 Legge 93\/92 o di qualunque altro sostegno previsto da RASI.<\/p><p>Il mancato possesso anche di uno solo dei requisiti di cui al presente bando comporter\u00e0 la non ammissibilit\u00e0 al contributo o al finanziamento della proposta. La perdita del requisito intervenuta successivamente alla concessione ma prima del saldo, comporter\u00e0 la decadenza dal contributo o finanziamento concesso con conseguente recupero dell\u2019acconto eventualmente gi\u00e0 erogato.<\/p><p><em>Art.5<\/em><\/p><p><em>PRESENTAZIONE DELLA DOMANDA<\/em><\/p><p>La richiesta, pena esclusione, per l\u2019ammissione al finanziamento deve essere presentata entro le ore\u00a0<strong>24.00 del giorno 15 giugno 2019<\/strong>\u00a0utilizzando il modulo allegato al presente bando sottoscritto dall\u2019artista interessato.<\/p><p>Al modulo devono essere allegati a) progetto b) copia del documento d\u2019identit\u00e0 del richiedente c) informativa sulla privacy vistata dall\u2019artista per accettazione.<\/p><p>La richiesta dovr\u00e0 essere presentata accedendo al sito web\u00a0<a href=\"http:\/\/www.reteartistispettacolo.it\/\">www.reteartistispettacolo.it<\/a>\u00a0nell\u2019apposita sezione denominata &#8220;PROMOZIONE&#8221;.<\/p><p><em>Art.6<\/em><\/p><p><em>ISTRUTTORIA<\/em><\/p><p>Le richieste pervenute sono sottoposte ad un\u2019istruttoria formale-amministrativa di ammissibilit\u00e0 volta a verificare il rispetto dei requisiti soggettivi e progettuali di partecipazione, delle modalit\u00e0 e dei termini di presentazione e la completezza della documentazione richiesta.<\/p><p>La carenza di qualsiasi elemento formale della domanda di partecipazione, potr\u00e0 essere regolarizzata mediante aiuto istruttorio. In tal caso, gli uffici R.A.S.I. provvederanno a trasmettere, apposita richiesta di regolarizzazione assegnando al soggetto proponente un termine non superiore a 10 giorni per provvedere. In caso di mancata o incompleta regolarizzazione entro il termine assegnato la richiesta \u00e8 dichiarata non ammissibile alla fase di valutazione e gli uffici R.A.S.I. provvederanno a comunicare la non ammissibilit\u00e0 all\u2019interessato.<\/p><p><em>Art.7<\/em><\/p><p><em>VALUTAZIONE DELLA RICHIESTA<\/em><\/p><p>Al termine della fase istruttoria il Comitato di Sorveglianza della R.a.s.i., composto da artisti, procede alla valutazione delle richieste ritenute ammissibili in base a criteri di qualit\u00e0 professionale ed organizzativa attribuendo alle stesse un finanziamento proporzionale alla propria valutazione.<\/p><p><em>Art.8<\/em><\/p><p><em>ASSEGNAZIONE E COMUNICAZIONE DEI CONTRIBUTI<\/em><\/p><p>Entro il giorno 1 luglio 2019 sar\u00e0 comunicato agli artisti l\u2019esito della richiesta ed il contributo\/finanziamento assegnato al netto degli oneri fiscali e di legge. I beneficiari dovranno inviare a R.A.S.I. l\u2019accettazione del finanziamento e l\u2019impegno a svolgere la relativa attivit\u00e0 prevista. Qualora un artista rinunciasse allo svolgimento dell\u2019attivit\u00e0 i relativi fondi stanziati ritorneranno nella disponibilit\u00e0 del Fondo Promozione.<\/p><p>La R.A.S.I. non assume alcuna responsabilit\u00e0 in merito all&#8217;organizzazione e allo svolgimento delle attivit\u00e0 per cui sono stati concessi i sostegni finanziari e per nessuna tipologia di sinistro e\/o rivendicazione di terzi relativi alle stesse.<\/p><p><strong><em>Art.9<\/em><\/strong><\/p><p><em>EROGAZIONE E RENDICONTAZIONE<\/em><\/p><p>L\u2019erogazione del sostegno pu\u00f2 avvenire in un\u2019unica soluzione a rendiconto avvenuto o in due rate, secondo le modalit\u00e0 di seguito indicate:<\/p><p>a) un\u2019anticipazione, da richiedersi in sede di accettazione del finanziamento nella misura\u00a0 del 50% dell\u2019importo concesso.<\/p><p>b) una erogazione a saldo entro 30 giorni dalla presentazione del prodotto realizzato oggetto del contributo e della documentazione fiscale prevista dalla legge (fattura o ricevuta dell\u2019artista interessato).<\/p><p>I beneficiari del contributo realizzano le attivit\u00e0 conformemente a quanto previsto nella richiesta ammessa a finanziamento. Sono ammissibili le variazioni progettuali, solo se autorizzate da R.A.S.I., che non alterano le condizioni che hanno dato luogo alla finanziabilit\u00e0 della richiesta medesima.<\/p><p>I beneficiari sono obbligati ad inserire nel prodotto realizzato a seguito del contributo\/finanziamento la frase \u201crealizzato con il sostegno di Rete Artisti Spettacolo per l\u2019Innovazione\u201c.<\/p><p><em>Art.10<\/em><\/p><p><em>CONTROLLI E DECADENZA<\/em><\/p><p>I beneficiari hanno l&#8217;obbligo di utilizzare i contributi ricevuti a norma delle presenti disposizioni, esclusivamente per le iniziative per le quali sono stati concessi.<\/p><p>La R.A.S.I. cura il monitoraggio verificando la realizzazione o gli stati di avanzamento delle iniziative sostenute sia sotto il profilo amministrativo ed economico sia nel merito dell&#8217;efficacia dell&#8217;azione rispetto agli impegni assunti dai soggetti beneficiari ed ai benefici attesi, con la possibilit\u00e0 di richiedere chiarimenti ed integrazioni documentali.<\/p><p>Qualora non sia possibile la realizzazione o la continuazione dell\u2019attivit\u00e0 finanziata o si siano verificate variazioni interne all\u2019 iniziativa, tali da modificarne sostanzialmente la natura rispetto a quella nota e concordata al momento della concessione e qualora venga accertato, all&#8217;esito della verifica della rendicontazione, l&#8217;uso non corretto dei fondi e servizi erogati o qualora emergano sostanziali discrepanze, omissioni e informazioni non veritiere nella richiesta e nei documenti prodotti dal richiedente, la R.A.S.I. dispone in qualsiasi momento l&#8217;interruzione del sostegno e richiede la restituzione delle eventuali somme gi\u00e0 versate.<\/p><p><em>Art.11<\/em><\/p><p><em>ENTRATA IN VIGORE<\/em><\/p><p>Il presente regolamento entra in vigore il giorno successivo alla pubblicazione sul sito web della R.A.S.I.\u00a0<a href=\"http:\/\/www.reteartistispettacolo.it\/\">www.reteartistispettacolo.it<\/a>. Per eventuali informazioni e chiarimento \u00e8 possibile telefonare al numero 06.94359833 dalla ore 09.30 alle ore 12.00 dal lunedi al venerdi escluso giorni festivi.<\/p><p>Bando Tematico N.1 DEL 8 maggio 2019<\/p>\t\t\t\t\t\t\t\t<\/div>\n\t\t\t\t<\/div>\n\t\t\t\t\t<\/div>\n\t\t<\/div>\n\t\t\t\t\t<\/div>\n\t\t<\/section>\n\t\t\t\t<\/div>\n\t\t","protected":false},"excerpt":{"rendered":"<p>Promozione \/ Bandi conclusi Bando tematico per la PROMOZIONE delle attivit\u00e0 professionali degli artisti (DI CUI ALL\u2019ART.7 DELLA LEGGE N.93 DEL 5 FEBBRAIO 1992) Rete Artisti Spettacolo per l&#8217;Innovazione L\u2019ASSEMBLEA DEI SOCI DELLA RETE ARTISTI SPETTACOLO PER L\u2019INNOVAZIONE Premesso che -in data 20 marzo 2019 l\u2019Assemblea dei soci della Rete Artisti Spettacolo per l\u2019Innovazione in [&hellip;]<\/p>\n","protected":false},"author":1,"featured_media":0,"parent":0,"menu_order":0,"comment_status":"closed","ping_status":"closed","template":"","meta":{"footnotes":""},"class_list":["post-1416","page","type-page","status-publish","hentry"],"_links":{"self":[{"href":"https:\/\/www.reteartistispettacolo.it\/it\/wp-json\/wp\/v2\/pages\/1416","targetHints":{"allow":["GET"]}}],"collection":[{"href":"https:\/\/www.reteartistispettacolo.it\/it\/wp-json\/wp\/v2\/pages"}],"about":[{"href":"https:\/\/www.reteartistispettacolo.it\/it\/wp-json\/wp\/v2\/types\/page"}],"author":[{"embeddable":true,"href":"https:\/\/www.reteartistispettacolo.it\/it\/wp-json\/wp\/v2\/users\/1"}],"replies":[{"embeddable":true,"href":"https:\/\/www.reteartistispettacolo.it\/it\/wp-json\/wp\/v2\/comments?post=1416"}],"version-history":[{"count":7,"href":"https:\/\/www.reteartistispettacolo.it\/it\/wp-json\/wp\/v2\/pages\/1416\/revisions"}],"predecessor-version":[{"id":1423,"href":"https:\/\/www.reteartistispettacolo.it\/it\/wp-json\/wp\/v2\/pages\/1416\/revisions\/1423"}],"wp:attachment":[{"href":"https:\/\/www.reteartistispettacolo.it\/it\/wp-json\/wp\/v2\/media?parent=1416"}],"curies":[{"name":"wp","href":"https:\/\/api.w.org\/{rel}","templated":true}]}}