{"id":1315,"date":"2023-12-05T22:06:19","date_gmt":"2023-12-05T21:06:19","guid":{"rendered":"https:\/\/www.reteartistispettacolo.it\/?page_id=1315"},"modified":"2024-10-03T17:55:47","modified_gmt":"2024-10-03T15:55:47","slug":"promozione","status":"publish","type":"page","link":"https:\/\/www.reteartistispettacolo.it\/it\/promozione\/","title":{"rendered":"Promozione"},"content":{"rendered":"\t\t<div data-elementor-type=\"wp-page\" data-elementor-id=\"1315\" class=\"elementor elementor-1315\" data-elementor-settings=\"{&quot;ha_cmc_init_switcher&quot;:&quot;no&quot;}\" data-elementor-post-type=\"page\">\n\t\t\t\t<div class=\"elementor-element elementor-element-cddd156 e-flex e-con-boxed e-con e-parent\" data-id=\"cddd156\" data-element_type=\"container\" data-e-type=\"container\" data-settings=\"{&quot;background_background&quot;:&quot;classic&quot;,&quot;_ha_eqh_enable&quot;:false}\">\n\t\t\t\t\t<div class=\"e-con-inner\">\n\t\t<div class=\"elementor-element elementor-element-37bb8a5 e-con-full e-flex e-con e-child\" data-id=\"37bb8a5\" data-element_type=\"container\" data-e-type=\"container\" data-settings=\"{&quot;_ha_eqh_enable&quot;:false}\">\n\t\t\t\t<div class=\"elementor-element elementor-element-4f4b1d6 elementor-invisible elementor-widget elementor-widget-heading\" data-id=\"4f4b1d6\" data-element_type=\"widget\" data-e-type=\"widget\" data-settings=\"{&quot;_animation&quot;:&quot;fadeInUp&quot;}\" data-widget_type=\"heading.default\">\n\t\t\t\t<div class=\"elementor-widget-container\">\n\t\t\t\t\t<h1 class=\"elementor-heading-title elementor-size-default\">Promozione<\/h1>\t\t\t\t<\/div>\n\t\t\t\t<\/div>\n\t\t\t\t<div class=\"elementor-element elementor-element-822ca3f elementor-invisible elementor-widget elementor-widget-heading\" data-id=\"822ca3f\" data-element_type=\"widget\" data-e-type=\"widget\" data-settings=\"{&quot;_animation&quot;:&quot;fadeInUp&quot;}\" data-widget_type=\"heading.default\">\n\t\t\t\t<div class=\"elementor-widget-container\">\n\t\t\t\t\t<p class=\"elementor-heading-title elementor-size-default\">Rete Artisti Spettacolo per l'Innovazione<\/p>\t\t\t\t<\/div>\n\t\t\t\t<\/div>\n\t\t\t\t<\/div>\n\t\t\t\t\t<\/div>\n\t\t\t\t<\/div>\n\t\t<div class=\"elementor-element elementor-element-8046389 e-flex e-con-boxed e-con e-parent\" data-id=\"8046389\" data-element_type=\"container\" data-e-type=\"container\" data-settings=\"{&quot;background_background&quot;:&quot;classic&quot;,&quot;_ha_eqh_enable&quot;:false}\">\n\t\t\t\t\t<div class=\"e-con-inner\">\n\t\t<div class=\"elementor-element elementor-element-fe0debf e-con-full e-flex e-con e-child\" data-id=\"fe0debf\" data-element_type=\"container\" data-e-type=\"container\" data-settings=\"{&quot;_ha_eqh_enable&quot;:false}\">\n\t\t\t\t<div class=\"elementor-element elementor-element-68e0de2 elementor-widget elementor-widget-text-editor\" data-id=\"68e0de2\" data-element_type=\"widget\" data-e-type=\"widget\" data-widget_type=\"text-editor.default\">\n\t\t\t\t<div class=\"elementor-widget-container\">\n\t\t\t\t\t\t\t\t\t<p>Rete Artisti Spettacolo per l\u2019Innovazione\u00a0<strong>promuove\u00a0<\/strong>la<strong>\u00a0conoscenza<\/strong>, la\u00a0<strong>diffusione<\/strong>\u00a0e lo\u00a0<strong>sviluppo<\/strong>\u00a0dello\u00a0<strong>spettacolo<\/strong>\u00a0in tutte le sue articolazioni ed espressioni attraverso\u00a0<strong>l\u2019organizzazione<\/strong>\u00a0di\u00a0<strong>iniziative<\/strong>,\u00a0<strong>attivit\u00e0<\/strong>\u00a0ed\u00a0<strong>eventi<\/strong>, direttamente o in collaborazione con altre strutture ed istituzioni europee ed internazionali.<\/p><p>La R.A.S.I.\u00a0<strong>sostiene e rappresenta le richieste di artisti e organismi<\/strong>\u00a0<strong>dello spettacolo<\/strong>\u00a0che avanzano proposte di rilancio e rinnovamento del settore,\u00a0<strong>incoraggiando l\u2019innovazione professionale<\/strong>\u00a0affinch\u00e9 conduca il settore a un nuovo sviluppo e ad una maggiore possibilit\u00e0 di competere con pari opportunit\u00e0 con quelli degli altri paesi europei.<\/p><p>Nell\u2019ambito di tali finalit\u00e0 la R.A.S.I.\u00a0<strong>sostiene<\/strong>, in riferimento all\u2019art.7 della legge 93 del 1992,\u00a0<strong>attivit\u00e0 di studio e ricerca<\/strong>\u00a0nonch\u00e9\u00a0<strong>azioni per fini di promozione<\/strong>, di\u00a0<strong>formazione<\/strong>\u00a0e di\u00a0<strong>sostegno professionale<\/strong>\u00a0agli\u00a0<strong>artisti interpreti esecutori<\/strong>.<\/p><p><strong>La competenza<\/strong>\u00a0per la realizzazione dei regolamenti e per la valutazione delle attivit\u00e0 \u00e8 di un\u00a0<strong>comitato scientifico culturale<\/strong>\u00a0<strong>nominato dagli artisti<\/strong>.<\/p>\t\t\t\t\t\t\t\t<\/div>\n\t\t\t\t<\/div>\n\t\t\t\t<\/div>\n\t\t<div class=\"elementor-element elementor-element-e0a988e e-con-full e-flex e-con e-child\" data-id=\"e0a988e\" data-element_type=\"container\" data-e-type=\"container\" data-settings=\"{&quot;_ha_eqh_enable&quot;:false}\">\n\t\t\t\t<div class=\"elementor-element elementor-element-c7b3509 elementor-widget elementor-widget-image\" data-id=\"c7b3509\" data-element_type=\"widget\" data-e-type=\"widget\" data-widget_type=\"image.default\">\n\t\t\t\t<div class=\"elementor-widget-container\">\n\t\t\t\t\t\t\t\t\t\t\t\t\t\t\t<img fetchpriority=\"high\" decoding=\"async\" width=\"269\" height=\"388\" src=\"https:\/\/www.reteartistispettacolo.it\/wp-content\/uploads\/idea-promozione-rasi.png\" class=\"attachment-large size-large wp-image-1317\" alt=\"Promozione RASI\" srcset=\"https:\/\/www.reteartistispettacolo.it\/wp-content\/uploads\/idea-promozione-rasi.png 269w, https:\/\/www.reteartistispettacolo.it\/wp-content\/uploads\/idea-promozione-rasi-208x300.png 208w\" sizes=\"(max-width: 269px) 100vw, 269px\" \/>\t\t\t\t\t\t\t\t\t\t\t\t\t\t\t<\/div>\n\t\t\t\t<\/div>\n\t\t\t\t<\/div>\n\t\t\t\t\t<\/div>\n\t\t\t\t<\/div>\n\t\t<div class=\"elementor-element elementor-element-c012cd1 e-flex e-con-boxed e-con e-parent\" data-id=\"c012cd1\" data-element_type=\"container\" data-e-type=\"container\" data-settings=\"{&quot;background_background&quot;:&quot;classic&quot;,&quot;_ha_eqh_enable&quot;:false}\">\n\t\t\t\t\t<div class=\"e-con-inner\">\n\t\t<div class=\"elementor-element elementor-element-f417cee e-con-full e-flex e-con e-child\" data-id=\"f417cee\" data-element_type=\"container\" data-e-type=\"container\" data-settings=\"{&quot;_ha_eqh_enable&quot;:false}\">\n\t\t<div class=\"elementor-element elementor-element-e19243a e-con-full e-flex e-con e-child\" data-id=\"e19243a\" data-element_type=\"container\" data-e-type=\"container\" data-settings=\"{&quot;background_background&quot;:&quot;classic&quot;,&quot;_ha_eqh_enable&quot;:false}\">\n\t\t<div class=\"elementor-element elementor-element-9bb6511 e-con-full e-flex e-con e-child\" data-id=\"9bb6511\" data-element_type=\"container\" data-e-type=\"container\" data-settings=\"{&quot;_ha_eqh_enable&quot;:false}\">\n\t\t<div class=\"elementor-element elementor-element-bf51498 e-con-full e-flex e-con e-child\" data-id=\"bf51498\" data-element_type=\"container\" data-e-type=\"container\" data-settings=\"{&quot;background_background&quot;:&quot;classic&quot;,&quot;_ha_eqh_enable&quot;:false}\">\n\t\t<div class=\"elementor-element elementor-element-d400e1e e-con-full e-flex e-con e-child\" data-id=\"d400e1e\" data-element_type=\"container\" data-e-type=\"container\" data-settings=\"{&quot;_ha_eqh_enable&quot;:false}\">\n\t\t\t\t<div class=\"elementor-element elementor-element-c266b15 elementor-widget elementor-widget-heading\" data-id=\"c266b15\" data-element_type=\"widget\" data-e-type=\"widget\" data-widget_type=\"heading.default\">\n\t\t\t\t<div class=\"elementor-widget-container\">\n\t\t\t\t\t<h4 class=\"elementor-heading-title elementor-size-default\">Hai bisogno di ulteriori informazioni?<\/h4>\t\t\t\t<\/div>\n\t\t\t\t<\/div>\n\t\t\t\t<div class=\"elementor-element elementor-element-1e3e261 elementor-widget elementor-widget-text-editor\" data-id=\"1e3e261\" data-element_type=\"widget\" data-e-type=\"widget\" data-widget_type=\"text-editor.default\">\n\t\t\t\t<div class=\"elementor-widget-container\">\n\t\t\t\t\t\t\t\t\t<p>Orientarsi per la tutela dei tuoi diritti \u00e8 importante, RASI \u00e8 al tuo fianco<\/p>\t\t\t\t\t\t\t\t<\/div>\n\t\t\t\t<\/div>\n\t\t\t\t<\/div>\n\t\t<div class=\"elementor-element elementor-element-ae66b6e e-con-full e-flex e-con e-child\" data-id=\"ae66b6e\" data-element_type=\"container\" data-e-type=\"container\" data-settings=\"{&quot;_ha_eqh_enable&quot;:false}\">\n\t\t\t\t<div class=\"elementor-element elementor-element-d74bd0c elementor-align-right elementor-mobile-align-left elementor-widget elementor-widget-button\" data-id=\"d74bd0c\" data-element_type=\"widget\" data-e-type=\"widget\" data-widget_type=\"button.default\">\n\t\t\t\t<div class=\"elementor-widget-container\">\n\t\t\t\t\t\t\t\t\t<div class=\"elementor-button-wrapper\">\n\t\t\t\t\t<a class=\"elementor-button elementor-button-link elementor-size-sm\" href=\"https:\/\/www.reteartistispettacolo.it\/it\/contatti\/\">\n\t\t\t\t\t\t<span class=\"elementor-button-content-wrapper\">\n\t\t\t\t\t\t\t\t\t<span class=\"elementor-button-text\">Contatta RASI<\/span>\n\t\t\t\t\t<\/span>\n\t\t\t\t\t<\/a>\n\t\t\t\t<\/div>\n\t\t\t\t\t\t\t\t<\/div>\n\t\t\t\t<\/div>\n\t\t\t\t<\/div>\n\t\t\t\t<\/div>\n\t\t\t\t<\/div>\n\t\t\t\t<\/div>\n\t\t\t\t<\/div>\n\t\t\t\t\t<\/div>\n\t\t\t\t<\/div>\n\t\t\t\t<\/div>\n\t\t","protected":false},"excerpt":{"rendered":"<p>Promozione Rete Artisti Spettacolo per l&#8217;Innovazione Rete Artisti Spettacolo per l\u2019Innovazione\u00a0promuove\u00a0la\u00a0conoscenza, la\u00a0diffusione\u00a0e lo\u00a0sviluppo\u00a0dello\u00a0spettacolo\u00a0in tutte le sue articolazioni ed espressioni attraverso\u00a0l\u2019organizzazione\u00a0di\u00a0iniziative,\u00a0attivit\u00e0\u00a0ed\u00a0eventi, direttamente o in collaborazione con altre strutture ed istituzioni europee ed internazionali. La R.A.S.I.\u00a0sostiene e rappresenta le richieste di artisti e organismi\u00a0dello spettacolo\u00a0che avanzano proposte di rilancio e rinnovamento del settore,\u00a0incoraggiando l\u2019innovazione professionale\u00a0affinch\u00e9 conduca il [&hellip;]<\/p>\n","protected":false},"author":1,"featured_media":0,"parent":0,"menu_order":0,"comment_status":"closed","ping_status":"closed","template":"","meta":{"footnotes":""},"class_list":["post-1315","page","type-page","status-publish","hentry"],"_links":{"self":[{"href":"https:\/\/www.reteartistispettacolo.it\/it\/wp-json\/wp\/v2\/pages\/1315","targetHints":{"allow":["GET"]}}],"collection":[{"href":"https:\/\/www.reteartistispettacolo.it\/it\/wp-json\/wp\/v2\/pages"}],"about":[{"href":"https:\/\/www.reteartistispettacolo.it\/it\/wp-json\/wp\/v2\/types\/page"}],"author":[{"embeddable":true,"href":"https:\/\/www.reteartistispettacolo.it\/it\/wp-json\/wp\/v2\/users\/1"}],"replies":[{"embeddable":true,"href":"https:\/\/www.reteartistispettacolo.it\/it\/wp-json\/wp\/v2\/comments?post=1315"}],"version-history":[{"count":7,"href":"https:\/\/www.reteartistispettacolo.it\/it\/wp-json\/wp\/v2\/pages\/1315\/revisions"}],"predecessor-version":[{"id":2643,"href":"https:\/\/www.reteartistispettacolo.it\/it\/wp-json\/wp\/v2\/pages\/1315\/revisions\/2643"}],"wp:attachment":[{"href":"https:\/\/www.reteartistispettacolo.it\/it\/wp-json\/wp\/v2\/media?parent=1315"}],"curies":[{"name":"wp","href":"https:\/\/api.w.org\/{rel}","templated":true}]}}